{"id":8086,"date":"2021-08-20T18:59:06","date_gmt":"2021-08-20T16:59:06","guid":{"rendered":"https:\/\/bodegasbaigorri.com\/?post_type=product&#038;p=8086"},"modified":"2025-02-11T19:27:55","modified_gmt":"2025-02-11T18:27:55","slug":"quinta-do-sil","status":"publish","type":"product","link":"https:\/\/bodegasbaigorri.com\/en\/producto\/quinta-do-sil\/","title":{"rendered":"Quinta do sil"},"content":{"rendered":"<p style=\"font-weight: 400;\">From the highest part of our Finca Tremoedo ; the first Albari\u00f1o to be aged in French oak barrels &#8211; a maximum of elegance and fineness.<\/p>\n<p style=\"font-weight: 400;\">100% estate-grown albari\u00f1o \/\/ 100% manual harvest in 17kg crates \/\/ long skin contact \/\/ 100% free-run juice \/\/ fermentation with indigenous yeasts in stainless steel tanks \/\/ aged for 6 months in French oak barrels (&lt;500l.)<\/p>\n<h3 style=\"font-weight: 400;\"><strong>Tasting note<\/strong><\/h3>\n<p style=\"font-weight: 400;\">\u201e Colour: bright yellow. Nose: ripe fruit, powerfull, toasty, sweet spices. Palate: fruity, spicy, toasty, long, rich.\u201c Jos\u00e9 Pe\u00f1\u00edn, Gu\u00eda Pe\u00f1\u00edn<\/p>\n<h3 style=\"font-weight: 400;\"><strong>Vineyard<\/strong><\/h3>\n<p style=\"font-weight: 400;\">Finca Tremoedo , Vilanova de Arousa\/\/ soil: shallow sandy-granite \/\/ age of vines: 36 years \/\/ training system: parra (pergola) \/\/ sustainable viticulture, green cover, 100% manual work \/\/ distance to the sea: 1000 &#8211; 1200 meters<\/p>\n","protected":false},"excerpt":{"rendered":"<p><a href=\"https:\/\/bodegasbaigorri.com\/wp-content\/uploads\/2025\/02\/AGRO-448-Ficha_Quinta-Do-Sil-Godello-2023_ING.pdf\" target=\"_blank\" rel=\"noopener\">Tasting sheet<\/a><\/p>\n","protected":false},"featured_media":7866,"comment_status":"open","ping_status":"closed","template":"","meta":[],"product_brand":[],"product_cat":[84],"product_tag":[],"class_list":{"0":"post-8086","1":"product","2":"type-product","3":"status-publish","4":"has-post-thumbnail","6":"product_cat-quinta-do-sil-en","8":"first","9":"instock","10":"taxable","11":"shipping-taxable","12":"purchasable","13":"product-type-simple"},"yoast_head":"<!-- This site is optimized with the Yoast SEO plugin v27.4 - https:\/\/yoast.com\/product\/yoast-seo-wordpress\/ -->\n<title>Quinta do sil - Bodegas Baigorri<\/title>\n<meta name=\"robots\" content=\"index, follow, max-snippet:-1, max-image-preview:large, max-video-preview:-1\" \/>\n<link rel=\"canonical\" href=\"https:\/\/bodegasbaigorri.com\/en\/producto\/quinta-do-sil\/\" \/>\n<meta property=\"og:locale\" content=\"en_US\" \/>\n<meta property=\"og:type\" content=\"article\" \/>\n<meta property=\"og:title\" content=\"Quinta do sil - Bodegas Baigorri\" \/>\n<meta property=\"og:description\" content=\"Tasting sheet\" \/>\n<meta property=\"og:url\" content=\"https:\/\/bodegasbaigorri.com\/en\/producto\/quinta-do-sil\/\" \/>\n<meta property=\"og:site_name\" content=\"Bodegas Baigorri\" \/>\n<meta property=\"article:modified_time\" content=\"2025-02-11T18:27:55+00:00\" \/>\n<meta property=\"og:image\" content=\"https:\/\/bodegasbaigorri.com\/wp-content\/uploads\/2021\/07\/quinta-do-sil-godello1x1.jpg?_t=1754643282\" \/>\n\t<meta property=\"og:image:width\" content=\"629\" \/>\n\t<meta property=\"og:image:height\" content=\"629\" \/>\n\t<meta property=\"og:image:type\" content=\"image\/jpeg\" \/>\n<meta name=\"twitter:card\" content=\"summary_large_image\" \/>\n<meta name=\"twitter:label1\" content=\"Est. reading time\" \/>\n\t<meta name=\"twitter:data1\" content=\"1 minute\" \/>\n<script type=\"application\/ld+json\" class=\"yoast-schema-graph\">{\"@context\":\"https:\\\/\\\/schema.org\",\"@graph\":[{\"@type\":\"WebPage\",\"@id\":\"https:\\\/\\\/bodegasbaigorri.com\\\/en\\\/producto\\\/quinta-do-sil\\\/\",\"url\":\"https:\\\/\\\/bodegasbaigorri.com\\\/en\\\/producto\\\/quinta-do-sil\\\/\",\"name\":\"Quinta do sil - Bodegas Baigorri\",\"isPartOf\":{\"@id\":\"https:\\\/\\\/bodegasbaigorri.com\\\/#website\"},\"primaryImageOfPage\":{\"@id\":\"https:\\\/\\\/bodegasbaigorri.com\\\/en\\\/producto\\\/quinta-do-sil\\\/#primaryimage\"},\"image\":{\"@id\":\"https:\\\/\\\/bodegasbaigorri.com\\\/en\\\/producto\\\/quinta-do-sil\\\/#primaryimage\"},\"thumbnailUrl\":\"https:\\\/\\\/bodegasbaigorri.com\\\/wp-content\\\/uploads\\\/2021\\\/07\\\/quinta-do-sil-godello1x1.jpg\",\"datePublished\":\"2021-08-20T16:59:06+00:00\",\"dateModified\":\"2025-02-11T18:27:55+00:00\",\"breadcrumb\":{\"@id\":\"https:\\\/\\\/bodegasbaigorri.com\\\/en\\\/producto\\\/quinta-do-sil\\\/#breadcrumb\"},\"inLanguage\":\"en-US\",\"potentialAction\":[{\"@type\":\"ReadAction\",\"target\":[\"https:\\\/\\\/bodegasbaigorri.com\\\/en\\\/producto\\\/quinta-do-sil\\\/\"]}]},{\"@type\":\"ImageObject\",\"inLanguage\":\"en-US\",\"@id\":\"https:\\\/\\\/bodegasbaigorri.com\\\/en\\\/producto\\\/quinta-do-sil\\\/#primaryimage\",\"url\":\"https:\\\/\\\/bodegasbaigorri.com\\\/wp-content\\\/uploads\\\/2021\\\/07\\\/quinta-do-sil-godello1x1.jpg\",\"contentUrl\":\"https:\\\/\\\/bodegasbaigorri.com\\\/wp-content\\\/uploads\\\/2021\\\/07\\\/quinta-do-sil-godello1x1.jpg\",\"width\":629,\"height\":629},{\"@type\":\"BreadcrumbList\",\"@id\":\"https:\\\/\\\/bodegasbaigorri.com\\\/en\\\/producto\\\/quinta-do-sil\\\/#breadcrumb\",\"itemListElement\":[{\"@type\":\"ListItem\",\"position\":1,\"name\":\"Portada\",\"item\":\"https:\\\/\\\/bodegasbaigorri.com\\\/en\\\/shop\\\/\"},{\"@type\":\"ListItem\",\"position\":2,\"name\":\"Quinta do sil\"}]},{\"@type\":\"WebSite\",\"@id\":\"https:\\\/\\\/bodegasbaigorri.com\\\/#website\",\"url\":\"https:\\\/\\\/bodegasbaigorri.com\\\/\",\"name\":\"Bodegas Baigorri\",\"description\":\"\",\"publisher\":{\"@id\":\"https:\\\/\\\/bodegasbaigorri.com\\\/#organization\"},\"potentialAction\":[{\"@type\":\"SearchAction\",\"target\":{\"@type\":\"EntryPoint\",\"urlTemplate\":\"https:\\\/\\\/bodegasbaigorri.com\\\/?s={search_term_string}\"},\"query-input\":{\"@type\":\"PropertyValueSpecification\",\"valueRequired\":true,\"valueName\":\"search_term_string\"}}],\"inLanguage\":\"en-US\"},{\"@type\":\"Organization\",\"@id\":\"https:\\\/\\\/bodegasbaigorri.com\\\/#organization\",\"name\":\"Bodegas Baigorri\",\"url\":\"https:\\\/\\\/bodegasbaigorri.com\\\/\",\"logo\":{\"@type\":\"ImageObject\",\"inLanguage\":\"en-US\",\"@id\":\"https:\\\/\\\/bodegasbaigorri.com\\\/#\\\/schema\\\/logo\\\/image\\\/\",\"url\":\"https:\\\/\\\/bodegasbaigorri.com\\\/wp-content\\\/uploads\\\/2019\\\/09\\\/logo-blanco.png\",\"contentUrl\":\"https:\\\/\\\/bodegasbaigorri.com\\\/wp-content\\\/uploads\\\/2019\\\/09\\\/logo-blanco.png\",\"width\":80,\"height\":60,\"caption\":\"Bodegas Baigorri\"},\"image\":{\"@id\":\"https:\\\/\\\/bodegasbaigorri.com\\\/#\\\/schema\\\/logo\\\/image\\\/\"}}]}<\/script>\n<!-- \/ Yoast SEO plugin. -->","yoast_head_json":{"title":"Quinta do sil - Bodegas Baigorri","robots":{"index":"index","follow":"follow","max-snippet":"max-snippet:-1","max-image-preview":"max-image-preview:large","max-video-preview":"max-video-preview:-1"},"canonical":"https:\/\/bodegasbaigorri.com\/en\/producto\/quinta-do-sil\/","og_locale":"en_US","og_type":"article","og_title":"Quinta do sil - Bodegas Baigorri","og_description":"Tasting sheet","og_url":"https:\/\/bodegasbaigorri.com\/en\/producto\/quinta-do-sil\/","og_site_name":"Bodegas Baigorri","article_modified_time":"2025-02-11T18:27:55+00:00","og_image":[{"width":629,"height":629,"url":"https:\/\/bodegasbaigorri.com\/wp-content\/uploads\/2021\/07\/quinta-do-sil-godello1x1.jpg?_t=1754643282","type":"image\/jpeg"}],"twitter_card":"summary_large_image","twitter_misc":{"Est. reading time":"1 minute"},"schema":{"@context":"https:\/\/schema.org","@graph":[{"@type":"WebPage","@id":"https:\/\/bodegasbaigorri.com\/en\/producto\/quinta-do-sil\/","url":"https:\/\/bodegasbaigorri.com\/en\/producto\/quinta-do-sil\/","name":"Quinta do sil - Bodegas Baigorri","isPartOf":{"@id":"https:\/\/bodegasbaigorri.com\/#website"},"primaryImageOfPage":{"@id":"https:\/\/bodegasbaigorri.com\/en\/producto\/quinta-do-sil\/#primaryimage"},"image":{"@id":"https:\/\/bodegasbaigorri.com\/en\/producto\/quinta-do-sil\/#primaryimage"},"thumbnailUrl":"https:\/\/bodegasbaigorri.com\/wp-content\/uploads\/2021\/07\/quinta-do-sil-godello1x1.jpg","datePublished":"2021-08-20T16:59:06+00:00","dateModified":"2025-02-11T18:27:55+00:00","breadcrumb":{"@id":"https:\/\/bodegasbaigorri.com\/en\/producto\/quinta-do-sil\/#breadcrumb"},"inLanguage":"en-US","potentialAction":[{"@type":"ReadAction","target":["https:\/\/bodegasbaigorri.com\/en\/producto\/quinta-do-sil\/"]}]},{"@type":"ImageObject","inLanguage":"en-US","@id":"https:\/\/bodegasbaigorri.com\/en\/producto\/quinta-do-sil\/#primaryimage","url":"https:\/\/bodegasbaigorri.com\/wp-content\/uploads\/2021\/07\/quinta-do-sil-godello1x1.jpg","contentUrl":"https:\/\/bodegasbaigorri.com\/wp-content\/uploads\/2021\/07\/quinta-do-sil-godello1x1.jpg","width":629,"height":629},{"@type":"BreadcrumbList","@id":"https:\/\/bodegasbaigorri.com\/en\/producto\/quinta-do-sil\/#breadcrumb","itemListElement":[{"@type":"ListItem","position":1,"name":"Portada","item":"https:\/\/bodegasbaigorri.com\/en\/shop\/"},{"@type":"ListItem","position":2,"name":"Quinta do sil"}]},{"@type":"WebSite","@id":"https:\/\/bodegasbaigorri.com\/#website","url":"https:\/\/bodegasbaigorri.com\/","name":"Bodegas Baigorri","description":"","publisher":{"@id":"https:\/\/bodegasbaigorri.com\/#organization"},"potentialAction":[{"@type":"SearchAction","target":{"@type":"EntryPoint","urlTemplate":"https:\/\/bodegasbaigorri.com\/?s={search_term_string}"},"query-input":{"@type":"PropertyValueSpecification","valueRequired":true,"valueName":"search_term_string"}}],"inLanguage":"en-US"},{"@type":"Organization","@id":"https:\/\/bodegasbaigorri.com\/#organization","name":"Bodegas Baigorri","url":"https:\/\/bodegasbaigorri.com\/","logo":{"@type":"ImageObject","inLanguage":"en-US","@id":"https:\/\/bodegasbaigorri.com\/#\/schema\/logo\/image\/","url":"https:\/\/bodegasbaigorri.com\/wp-content\/uploads\/2019\/09\/logo-blanco.png","contentUrl":"https:\/\/bodegasbaigorri.com\/wp-content\/uploads\/2019\/09\/logo-blanco.png","width":80,"height":60,"caption":"Bodegas Baigorri"},"image":{"@id":"https:\/\/bodegasbaigorri.com\/#\/schema\/logo\/image\/"}}]}},"_links":{"self":[{"href":"https:\/\/bodegasbaigorri.com\/en\/wp-json\/wp\/v2\/product\/8086","targetHints":{"allow":["GET"]}}],"collection":[{"href":"https:\/\/bodegasbaigorri.com\/en\/wp-json\/wp\/v2\/product"}],"about":[{"href":"https:\/\/bodegasbaigorri.com\/en\/wp-json\/wp\/v2\/types\/product"}],"replies":[{"embeddable":true,"href":"https:\/\/bodegasbaigorri.com\/en\/wp-json\/wp\/v2\/comments?post=8086"}],"wp:featuredmedia":[{"embeddable":true,"href":"https:\/\/bodegasbaigorri.com\/en\/wp-json\/wp\/v2\/media\/7866"}],"wp:attachment":[{"href":"https:\/\/bodegasbaigorri.com\/en\/wp-json\/wp\/v2\/media?parent=8086"}],"wp:term":[{"taxonomy":"product_brand","embeddable":true,"href":"https:\/\/bodegasbaigorri.com\/en\/wp-json\/wp\/v2\/product_brand?post=8086"},{"taxonomy":"product_cat","embeddable":true,"href":"https:\/\/bodegasbaigorri.com\/en\/wp-json\/wp\/v2\/product_cat?post=8086"},{"taxonomy":"product_tag","embeddable":true,"href":"https:\/\/bodegasbaigorri.com\/en\/wp-json\/wp\/v2\/product_tag?post=8086"}],"curies":[{"name":"wp","href":"https:\/\/api.w.org\/{rel}","templated":true}]}}