{"id":8042,"date":"2021-08-20T11:54:34","date_gmt":"2021-08-20T09:54:34","guid":{"rendered":"https:\/\/bodegasbaigorri.com\/?post_type=product&#038;p=8042"},"modified":"2025-10-24T17:17:59","modified_gmt":"2025-10-24T15:17:59","slug":"granbazan-d-alvaro-de-bazan","status":"publish","type":"product","link":"https:\/\/bodegasbaigorri.com\/en\/producto\/granbazan-d-alvaro-de-bazan\/","title":{"rendered":"Granbaz\u00e1n D. \u00c1lvaro de Baz\u00e1n"},"content":{"rendered":"<p>Puristic, mineral, straightforward &#8211; great and complex Albari\u00f1o. Significant influence of the granite -rich soil. Shows the aging potential of Albari\u00f1o.<\/p>\n<p>100% estate-grown albari\u00f1o \/\/ single plot \/\/ 100% manual harvest in 17kg crates \/\/ long skin contact \/\/ 100% free-run juice \/\/ fermentation with indigenous yeasts in stainless steel tanks \/\/ aged on its fine lees for 36 months<\/p>\n<h3><strong>Tasting note<\/strong><\/h3>\n<p>\u201e Plenty of candied pineapple and yellow grapefruit on the nose, then some real power and concentration on the palate. The acidity is quite supple for this region, but underlined by a spritz of natural carbon-dioxide.\u201c\u00a0\u00a0James Suckling<\/p>\n<h3><strong>Vineyard<\/strong><\/h3>\n<p>One plot of our Finca Tremoedo , Vilanova de Arousa \/\/ soil: shallow granite \/\/ age of vines: 36 years \/\/ training system: parra (pergola) \/\/ sustainable viticulture, green cover, 100% manual work \/\/ distance to the sea: 1000 &#8211; 1200 meters<\/p>\n","protected":false},"excerpt":{"rendered":"<p><a href=\"https:\/\/bodegasbaigorri.com\/wp-content\/uploads\/2025\/10\/AGRO-448-Ficha_Don-Alvaro-Bazan-2021_ING.pdf.pdf\" target=\"_blank\" rel=\"noopener\">Tasting sheet<\/a><\/p>\n","protected":false},"featured_media":7842,"comment_status":"open","ping_status":"closed","template":"","meta":[],"product_brand":[],"product_cat":[82],"product_tag":[],"class_list":{"0":"post-8042","1":"product","2":"type-product","3":"status-publish","4":"has-post-thumbnail","6":"product_cat-granbazan-en","8":"first","9":"instock","10":"taxable","11":"shipping-taxable","12":"purchasable","13":"product-type-simple"},"yoast_head":"<!-- This site is optimized with the Yoast SEO plugin v27.4 - https:\/\/yoast.com\/product\/yoast-seo-wordpress\/ -->\n<title>Granbaz\u00e1n D. \u00c1lvaro de Baz\u00e1n - Bodegas Baigorri<\/title>\n<meta name=\"robots\" content=\"index, follow, max-snippet:-1, max-image-preview:large, max-video-preview:-1\" \/>\n<link rel=\"canonical\" href=\"https:\/\/bodegasbaigorri.com\/en\/producto\/granbazan-d-alvaro-de-bazan\/\" \/>\n<meta property=\"og:locale\" content=\"en_US\" \/>\n<meta property=\"og:type\" content=\"article\" \/>\n<meta property=\"og:title\" content=\"Granbaz\u00e1n D. \u00c1lvaro de Baz\u00e1n - Bodegas Baigorri\" \/>\n<meta property=\"og:description\" content=\"Tasting sheet\" \/>\n<meta property=\"og:url\" content=\"https:\/\/bodegasbaigorri.com\/en\/producto\/granbazan-d-alvaro-de-bazan\/\" \/>\n<meta property=\"og:site_name\" content=\"Bodegas Baigorri\" \/>\n<meta property=\"article:modified_time\" content=\"2025-10-24T15:17:59+00:00\" \/>\n<meta property=\"og:image\" content=\"https:\/\/bodegasbaigorri.com\/wp-content\/uploads\/2021\/07\/granbazan-alvaro1x1.jpg?_t=1761319079\" \/>\n\t<meta property=\"og:image:width\" content=\"2200\" \/>\n\t<meta property=\"og:image:height\" content=\"2200\" \/>\n\t<meta property=\"og:image:type\" content=\"image\/jpeg\" \/>\n<meta name=\"twitter:card\" content=\"summary_large_image\" \/>\n<meta name=\"twitter:label1\" content=\"Est. reading time\" \/>\n\t<meta name=\"twitter:data1\" content=\"1 minute\" \/>\n<script type=\"application\/ld+json\" class=\"yoast-schema-graph\">{\"@context\":\"https:\\\/\\\/schema.org\",\"@graph\":[{\"@type\":\"WebPage\",\"@id\":\"https:\\\/\\\/bodegasbaigorri.com\\\/en\\\/producto\\\/granbazan-d-alvaro-de-bazan\\\/\",\"url\":\"https:\\\/\\\/bodegasbaigorri.com\\\/en\\\/producto\\\/granbazan-d-alvaro-de-bazan\\\/\",\"name\":\"Granbaz\u00e1n D. \u00c1lvaro de Baz\u00e1n - Bodegas Baigorri\",\"isPartOf\":{\"@id\":\"https:\\\/\\\/bodegasbaigorri.com\\\/#website\"},\"primaryImageOfPage\":{\"@id\":\"https:\\\/\\\/bodegasbaigorri.com\\\/en\\\/producto\\\/granbazan-d-alvaro-de-bazan\\\/#primaryimage\"},\"image\":{\"@id\":\"https:\\\/\\\/bodegasbaigorri.com\\\/en\\\/producto\\\/granbazan-d-alvaro-de-bazan\\\/#primaryimage\"},\"thumbnailUrl\":\"https:\\\/\\\/bodegasbaigorri.com\\\/wp-content\\\/uploads\\\/2021\\\/07\\\/granbazan-alvaro1x1.jpg\",\"datePublished\":\"2021-08-20T09:54:34+00:00\",\"dateModified\":\"2025-10-24T15:17:59+00:00\",\"breadcrumb\":{\"@id\":\"https:\\\/\\\/bodegasbaigorri.com\\\/en\\\/producto\\\/granbazan-d-alvaro-de-bazan\\\/#breadcrumb\"},\"inLanguage\":\"en-US\",\"potentialAction\":[{\"@type\":\"ReadAction\",\"target\":[\"https:\\\/\\\/bodegasbaigorri.com\\\/en\\\/producto\\\/granbazan-d-alvaro-de-bazan\\\/\"]}]},{\"@type\":\"ImageObject\",\"inLanguage\":\"en-US\",\"@id\":\"https:\\\/\\\/bodegasbaigorri.com\\\/en\\\/producto\\\/granbazan-d-alvaro-de-bazan\\\/#primaryimage\",\"url\":\"https:\\\/\\\/bodegasbaigorri.com\\\/wp-content\\\/uploads\\\/2021\\\/07\\\/granbazan-alvaro1x1.jpg\",\"contentUrl\":\"https:\\\/\\\/bodegasbaigorri.com\\\/wp-content\\\/uploads\\\/2021\\\/07\\\/granbazan-alvaro1x1.jpg\",\"width\":2200,\"height\":2200},{\"@type\":\"BreadcrumbList\",\"@id\":\"https:\\\/\\\/bodegasbaigorri.com\\\/en\\\/producto\\\/granbazan-d-alvaro-de-bazan\\\/#breadcrumb\",\"itemListElement\":[{\"@type\":\"ListItem\",\"position\":1,\"name\":\"Portada\",\"item\":\"https:\\\/\\\/bodegasbaigorri.com\\\/en\\\/shop\\\/\"},{\"@type\":\"ListItem\",\"position\":2,\"name\":\"Granbaz\u00e1n D. \u00c1lvaro de Baz\u00e1n\"}]},{\"@type\":\"WebSite\",\"@id\":\"https:\\\/\\\/bodegasbaigorri.com\\\/#website\",\"url\":\"https:\\\/\\\/bodegasbaigorri.com\\\/\",\"name\":\"Bodegas Baigorri\",\"description\":\"\",\"publisher\":{\"@id\":\"https:\\\/\\\/bodegasbaigorri.com\\\/#organization\"},\"potentialAction\":[{\"@type\":\"SearchAction\",\"target\":{\"@type\":\"EntryPoint\",\"urlTemplate\":\"https:\\\/\\\/bodegasbaigorri.com\\\/?s={search_term_string}\"},\"query-input\":{\"@type\":\"PropertyValueSpecification\",\"valueRequired\":true,\"valueName\":\"search_term_string\"}}],\"inLanguage\":\"en-US\"},{\"@type\":\"Organization\",\"@id\":\"https:\\\/\\\/bodegasbaigorri.com\\\/#organization\",\"name\":\"Bodegas Baigorri\",\"url\":\"https:\\\/\\\/bodegasbaigorri.com\\\/\",\"logo\":{\"@type\":\"ImageObject\",\"inLanguage\":\"en-US\",\"@id\":\"https:\\\/\\\/bodegasbaigorri.com\\\/#\\\/schema\\\/logo\\\/image\\\/\",\"url\":\"https:\\\/\\\/bodegasbaigorri.com\\\/wp-content\\\/uploads\\\/2019\\\/09\\\/logo-blanco.png\",\"contentUrl\":\"https:\\\/\\\/bodegasbaigorri.com\\\/wp-content\\\/uploads\\\/2019\\\/09\\\/logo-blanco.png\",\"width\":80,\"height\":60,\"caption\":\"Bodegas Baigorri\"},\"image\":{\"@id\":\"https:\\\/\\\/bodegasbaigorri.com\\\/#\\\/schema\\\/logo\\\/image\\\/\"}}]}<\/script>\n<!-- \/ Yoast SEO plugin. -->","yoast_head_json":{"title":"Granbaz\u00e1n D. \u00c1lvaro de Baz\u00e1n - Bodegas Baigorri","robots":{"index":"index","follow":"follow","max-snippet":"max-snippet:-1","max-image-preview":"max-image-preview:large","max-video-preview":"max-video-preview:-1"},"canonical":"https:\/\/bodegasbaigorri.com\/en\/producto\/granbazan-d-alvaro-de-bazan\/","og_locale":"en_US","og_type":"article","og_title":"Granbaz\u00e1n D. \u00c1lvaro de Baz\u00e1n - Bodegas Baigorri","og_description":"Tasting sheet","og_url":"https:\/\/bodegasbaigorri.com\/en\/producto\/granbazan-d-alvaro-de-bazan\/","og_site_name":"Bodegas Baigorri","article_modified_time":"2025-10-24T15:17:59+00:00","og_image":[{"width":2200,"height":2200,"url":"https:\/\/bodegasbaigorri.com\/wp-content\/uploads\/2021\/07\/granbazan-alvaro1x1.jpg?_t=1761319079","type":"image\/jpeg"}],"twitter_card":"summary_large_image","twitter_misc":{"Est. reading time":"1 minute"},"schema":{"@context":"https:\/\/schema.org","@graph":[{"@type":"WebPage","@id":"https:\/\/bodegasbaigorri.com\/en\/producto\/granbazan-d-alvaro-de-bazan\/","url":"https:\/\/bodegasbaigorri.com\/en\/producto\/granbazan-d-alvaro-de-bazan\/","name":"Granbaz\u00e1n D. \u00c1lvaro de Baz\u00e1n - Bodegas Baigorri","isPartOf":{"@id":"https:\/\/bodegasbaigorri.com\/#website"},"primaryImageOfPage":{"@id":"https:\/\/bodegasbaigorri.com\/en\/producto\/granbazan-d-alvaro-de-bazan\/#primaryimage"},"image":{"@id":"https:\/\/bodegasbaigorri.com\/en\/producto\/granbazan-d-alvaro-de-bazan\/#primaryimage"},"thumbnailUrl":"https:\/\/bodegasbaigorri.com\/wp-content\/uploads\/2021\/07\/granbazan-alvaro1x1.jpg","datePublished":"2021-08-20T09:54:34+00:00","dateModified":"2025-10-24T15:17:59+00:00","breadcrumb":{"@id":"https:\/\/bodegasbaigorri.com\/en\/producto\/granbazan-d-alvaro-de-bazan\/#breadcrumb"},"inLanguage":"en-US","potentialAction":[{"@type":"ReadAction","target":["https:\/\/bodegasbaigorri.com\/en\/producto\/granbazan-d-alvaro-de-bazan\/"]}]},{"@type":"ImageObject","inLanguage":"en-US","@id":"https:\/\/bodegasbaigorri.com\/en\/producto\/granbazan-d-alvaro-de-bazan\/#primaryimage","url":"https:\/\/bodegasbaigorri.com\/wp-content\/uploads\/2021\/07\/granbazan-alvaro1x1.jpg","contentUrl":"https:\/\/bodegasbaigorri.com\/wp-content\/uploads\/2021\/07\/granbazan-alvaro1x1.jpg","width":2200,"height":2200},{"@type":"BreadcrumbList","@id":"https:\/\/bodegasbaigorri.com\/en\/producto\/granbazan-d-alvaro-de-bazan\/#breadcrumb","itemListElement":[{"@type":"ListItem","position":1,"name":"Portada","item":"https:\/\/bodegasbaigorri.com\/en\/shop\/"},{"@type":"ListItem","position":2,"name":"Granbaz\u00e1n D. \u00c1lvaro de Baz\u00e1n"}]},{"@type":"WebSite","@id":"https:\/\/bodegasbaigorri.com\/#website","url":"https:\/\/bodegasbaigorri.com\/","name":"Bodegas Baigorri","description":"","publisher":{"@id":"https:\/\/bodegasbaigorri.com\/#organization"},"potentialAction":[{"@type":"SearchAction","target":{"@type":"EntryPoint","urlTemplate":"https:\/\/bodegasbaigorri.com\/?s={search_term_string}"},"query-input":{"@type":"PropertyValueSpecification","valueRequired":true,"valueName":"search_term_string"}}],"inLanguage":"en-US"},{"@type":"Organization","@id":"https:\/\/bodegasbaigorri.com\/#organization","name":"Bodegas Baigorri","url":"https:\/\/bodegasbaigorri.com\/","logo":{"@type":"ImageObject","inLanguage":"en-US","@id":"https:\/\/bodegasbaigorri.com\/#\/schema\/logo\/image\/","url":"https:\/\/bodegasbaigorri.com\/wp-content\/uploads\/2019\/09\/logo-blanco.png","contentUrl":"https:\/\/bodegasbaigorri.com\/wp-content\/uploads\/2019\/09\/logo-blanco.png","width":80,"height":60,"caption":"Bodegas Baigorri"},"image":{"@id":"https:\/\/bodegasbaigorri.com\/#\/schema\/logo\/image\/"}}]}},"_links":{"self":[{"href":"https:\/\/bodegasbaigorri.com\/en\/wp-json\/wp\/v2\/product\/8042","targetHints":{"allow":["GET"]}}],"collection":[{"href":"https:\/\/bodegasbaigorri.com\/en\/wp-json\/wp\/v2\/product"}],"about":[{"href":"https:\/\/bodegasbaigorri.com\/en\/wp-json\/wp\/v2\/types\/product"}],"replies":[{"embeddable":true,"href":"https:\/\/bodegasbaigorri.com\/en\/wp-json\/wp\/v2\/comments?post=8042"}],"wp:featuredmedia":[{"embeddable":true,"href":"https:\/\/bodegasbaigorri.com\/en\/wp-json\/wp\/v2\/media\/7842"}],"wp:attachment":[{"href":"https:\/\/bodegasbaigorri.com\/en\/wp-json\/wp\/v2\/media?parent=8042"}],"wp:term":[{"taxonomy":"product_brand","embeddable":true,"href":"https:\/\/bodegasbaigorri.com\/en\/wp-json\/wp\/v2\/product_brand?post=8042"},{"taxonomy":"product_cat","embeddable":true,"href":"https:\/\/bodegasbaigorri.com\/en\/wp-json\/wp\/v2\/product_cat?post=8042"},{"taxonomy":"product_tag","embeddable":true,"href":"https:\/\/bodegasbaigorri.com\/en\/wp-json\/wp\/v2\/product_tag?post=8042"}],"curies":[{"name":"wp","href":"https:\/\/api.w.org\/{rel}","templated":true}]}}