{"id":8038,"date":"2021-07-13T13:24:38","date_gmt":"2021-07-13T11:24:38","guid":{"rendered":"https:\/\/bodegasbaigorri.com\/?post_type=product&#038;p=8038"},"modified":"2025-10-24T17:23:22","modified_gmt":"2025-10-24T15:23:22","slug":"granbazan-etiqueta-ambar","status":"publish","type":"product","link":"https:\/\/bodegasbaigorri.com\/en\/producto\/granbazan-etiqueta-ambar\/","title":{"rendered":"Granbaz\u00e1n Etiqueta \u00c1mbar"},"content":{"rendered":"<p>The typical Albari\u00f1o salinity combines with ripe tropical fruits. Creamy texture and a fresh, mineral finish. THE classic from R\u00edas Baixas!<\/p>\n<p>100% estate-grown albari\u00f1o<\/p>\n<p>\/\/ 100% manual harvest in 17kg crates \/\/ long skin contact (12 hours) \/\/ 100% free-run juice \/\/ fermentation with indigenous yeasts in stainless steel tanks \/\/ aged on its fine lees for 6 months<\/p>\n<h3><strong>Tasting note<\/strong><\/h3>\n<p>\u201e Stony peach and mandarin orange aromas are touched up by a note of white licorice gumdrop on this well &#8211; cut, finesse &#8211; filled Albari\u00f1o. In the mouth, an elegant dance ensues between minerality, lees notes and citric acidity. Flavors of apricot, peach and melon finish minerally and with a slow but steady fade. \u201c M. Schachner, Wine Enthusiast<\/p>\n<h3><strong>Vineyard<\/strong><\/h3>\n<p>Finca Tremoedo , Vilanova de Arousa\/\/ soil: shallow sandy-granite \/\/ age of vines: 36 years \/\/ training system: parra (pergola) \/\/ sustainable viticulture, green cover, 100% manual work \/\/ distance to the sea: 1000 &#8211; 1200 meters<\/p>\n","protected":false},"excerpt":{"rendered":"<p><a href=\"https:\/\/bodegasbaigorri.com\/wp-content\/uploads\/2025\/10\/AGRO-485-Ficha_Etiqueta-Ambar-2024_ING.pdf\" target=\"_blank\" rel=\"noopener\">Tasting sheet<\/a><\/p>\n","protected":false},"featured_media":7844,"comment_status":"open","ping_status":"closed","template":"","meta":[],"product_brand":[],"product_cat":[82],"product_tag":[],"class_list":{"0":"post-8038","1":"product","2":"type-product","3":"status-publish","4":"has-post-thumbnail","6":"product_cat-granbazan-en","8":"first","9":"instock","10":"taxable","11":"shipping-taxable","12":"purchasable","13":"product-type-simple"},"yoast_head":"<!-- This site is optimized with the Yoast SEO plugin v27.4 - https:\/\/yoast.com\/product\/yoast-seo-wordpress\/ -->\n<title>Granbaz\u00e1n Etiqueta \u00c1mbar - Bodegas Baigorri<\/title>\n<meta name=\"robots\" content=\"index, follow, max-snippet:-1, max-image-preview:large, max-video-preview:-1\" \/>\n<link rel=\"canonical\" href=\"https:\/\/bodegasbaigorri.com\/en\/producto\/granbazan-etiqueta-ambar\/\" \/>\n<meta property=\"og:locale\" content=\"en_US\" \/>\n<meta property=\"og:type\" content=\"article\" \/>\n<meta property=\"og:title\" content=\"Granbaz\u00e1n Etiqueta \u00c1mbar - Bodegas Baigorri\" \/>\n<meta property=\"og:description\" content=\"Tasting sheet\" \/>\n<meta property=\"og:url\" content=\"https:\/\/bodegasbaigorri.com\/en\/producto\/granbazan-etiqueta-ambar\/\" \/>\n<meta property=\"og:site_name\" content=\"Bodegas Baigorri\" \/>\n<meta property=\"article:modified_time\" content=\"2025-10-24T15:23:22+00:00\" \/>\n<meta property=\"og:image\" content=\"https:\/\/bodegasbaigorri.com\/wp-content\/uploads\/2021\/07\/granbazan-ambar1x1.jpg?_t=1761319402\" \/>\n\t<meta property=\"og:image:width\" content=\"2200\" \/>\n\t<meta property=\"og:image:height\" content=\"2200\" \/>\n\t<meta property=\"og:image:type\" content=\"image\/jpeg\" \/>\n<meta name=\"twitter:card\" content=\"summary_large_image\" \/>\n<meta name=\"twitter:label1\" content=\"Est. reading time\" \/>\n\t<meta name=\"twitter:data1\" content=\"1 minute\" \/>\n<script type=\"application\/ld+json\" class=\"yoast-schema-graph\">{\"@context\":\"https:\\\/\\\/schema.org\",\"@graph\":[{\"@type\":\"WebPage\",\"@id\":\"https:\\\/\\\/bodegasbaigorri.com\\\/en\\\/producto\\\/granbazan-etiqueta-ambar\\\/\",\"url\":\"https:\\\/\\\/bodegasbaigorri.com\\\/en\\\/producto\\\/granbazan-etiqueta-ambar\\\/\",\"name\":\"Granbaz\u00e1n Etiqueta \u00c1mbar - Bodegas Baigorri\",\"isPartOf\":{\"@id\":\"https:\\\/\\\/bodegasbaigorri.com\\\/#website\"},\"primaryImageOfPage\":{\"@id\":\"https:\\\/\\\/bodegasbaigorri.com\\\/en\\\/producto\\\/granbazan-etiqueta-ambar\\\/#primaryimage\"},\"image\":{\"@id\":\"https:\\\/\\\/bodegasbaigorri.com\\\/en\\\/producto\\\/granbazan-etiqueta-ambar\\\/#primaryimage\"},\"thumbnailUrl\":\"https:\\\/\\\/bodegasbaigorri.com\\\/wp-content\\\/uploads\\\/2021\\\/07\\\/granbazan-ambar1x1.jpg\",\"datePublished\":\"2021-07-13T11:24:38+00:00\",\"dateModified\":\"2025-10-24T15:23:22+00:00\",\"breadcrumb\":{\"@id\":\"https:\\\/\\\/bodegasbaigorri.com\\\/en\\\/producto\\\/granbazan-etiqueta-ambar\\\/#breadcrumb\"},\"inLanguage\":\"en-US\",\"potentialAction\":[{\"@type\":\"ReadAction\",\"target\":[\"https:\\\/\\\/bodegasbaigorri.com\\\/en\\\/producto\\\/granbazan-etiqueta-ambar\\\/\"]}]},{\"@type\":\"ImageObject\",\"inLanguage\":\"en-US\",\"@id\":\"https:\\\/\\\/bodegasbaigorri.com\\\/en\\\/producto\\\/granbazan-etiqueta-ambar\\\/#primaryimage\",\"url\":\"https:\\\/\\\/bodegasbaigorri.com\\\/wp-content\\\/uploads\\\/2021\\\/07\\\/granbazan-ambar1x1.jpg\",\"contentUrl\":\"https:\\\/\\\/bodegasbaigorri.com\\\/wp-content\\\/uploads\\\/2021\\\/07\\\/granbazan-ambar1x1.jpg\",\"width\":2200,\"height\":2200},{\"@type\":\"BreadcrumbList\",\"@id\":\"https:\\\/\\\/bodegasbaigorri.com\\\/en\\\/producto\\\/granbazan-etiqueta-ambar\\\/#breadcrumb\",\"itemListElement\":[{\"@type\":\"ListItem\",\"position\":1,\"name\":\"Portada\",\"item\":\"https:\\\/\\\/bodegasbaigorri.com\\\/en\\\/shop\\\/\"},{\"@type\":\"ListItem\",\"position\":2,\"name\":\"Granbaz\u00e1n Etiqueta \u00c1mbar\"}]},{\"@type\":\"WebSite\",\"@id\":\"https:\\\/\\\/bodegasbaigorri.com\\\/#website\",\"url\":\"https:\\\/\\\/bodegasbaigorri.com\\\/\",\"name\":\"Bodegas Baigorri\",\"description\":\"\",\"publisher\":{\"@id\":\"https:\\\/\\\/bodegasbaigorri.com\\\/#organization\"},\"potentialAction\":[{\"@type\":\"SearchAction\",\"target\":{\"@type\":\"EntryPoint\",\"urlTemplate\":\"https:\\\/\\\/bodegasbaigorri.com\\\/?s={search_term_string}\"},\"query-input\":{\"@type\":\"PropertyValueSpecification\",\"valueRequired\":true,\"valueName\":\"search_term_string\"}}],\"inLanguage\":\"en-US\"},{\"@type\":\"Organization\",\"@id\":\"https:\\\/\\\/bodegasbaigorri.com\\\/#organization\",\"name\":\"Bodegas Baigorri\",\"url\":\"https:\\\/\\\/bodegasbaigorri.com\\\/\",\"logo\":{\"@type\":\"ImageObject\",\"inLanguage\":\"en-US\",\"@id\":\"https:\\\/\\\/bodegasbaigorri.com\\\/#\\\/schema\\\/logo\\\/image\\\/\",\"url\":\"https:\\\/\\\/bodegasbaigorri.com\\\/wp-content\\\/uploads\\\/2019\\\/09\\\/logo-blanco.png\",\"contentUrl\":\"https:\\\/\\\/bodegasbaigorri.com\\\/wp-content\\\/uploads\\\/2019\\\/09\\\/logo-blanco.png\",\"width\":80,\"height\":60,\"caption\":\"Bodegas Baigorri\"},\"image\":{\"@id\":\"https:\\\/\\\/bodegasbaigorri.com\\\/#\\\/schema\\\/logo\\\/image\\\/\"}}]}<\/script>\n<!-- \/ Yoast SEO plugin. -->","yoast_head_json":{"title":"Granbaz\u00e1n Etiqueta \u00c1mbar - Bodegas Baigorri","robots":{"index":"index","follow":"follow","max-snippet":"max-snippet:-1","max-image-preview":"max-image-preview:large","max-video-preview":"max-video-preview:-1"},"canonical":"https:\/\/bodegasbaigorri.com\/en\/producto\/granbazan-etiqueta-ambar\/","og_locale":"en_US","og_type":"article","og_title":"Granbaz\u00e1n Etiqueta \u00c1mbar - Bodegas Baigorri","og_description":"Tasting sheet","og_url":"https:\/\/bodegasbaigorri.com\/en\/producto\/granbazan-etiqueta-ambar\/","og_site_name":"Bodegas Baigorri","article_modified_time":"2025-10-24T15:23:22+00:00","og_image":[{"width":2200,"height":2200,"url":"https:\/\/bodegasbaigorri.com\/wp-content\/uploads\/2021\/07\/granbazan-ambar1x1.jpg?_t=1761319402","type":"image\/jpeg"}],"twitter_card":"summary_large_image","twitter_misc":{"Est. reading time":"1 minute"},"schema":{"@context":"https:\/\/schema.org","@graph":[{"@type":"WebPage","@id":"https:\/\/bodegasbaigorri.com\/en\/producto\/granbazan-etiqueta-ambar\/","url":"https:\/\/bodegasbaigorri.com\/en\/producto\/granbazan-etiqueta-ambar\/","name":"Granbaz\u00e1n Etiqueta \u00c1mbar - Bodegas Baigorri","isPartOf":{"@id":"https:\/\/bodegasbaigorri.com\/#website"},"primaryImageOfPage":{"@id":"https:\/\/bodegasbaigorri.com\/en\/producto\/granbazan-etiqueta-ambar\/#primaryimage"},"image":{"@id":"https:\/\/bodegasbaigorri.com\/en\/producto\/granbazan-etiqueta-ambar\/#primaryimage"},"thumbnailUrl":"https:\/\/bodegasbaigorri.com\/wp-content\/uploads\/2021\/07\/granbazan-ambar1x1.jpg","datePublished":"2021-07-13T11:24:38+00:00","dateModified":"2025-10-24T15:23:22+00:00","breadcrumb":{"@id":"https:\/\/bodegasbaigorri.com\/en\/producto\/granbazan-etiqueta-ambar\/#breadcrumb"},"inLanguage":"en-US","potentialAction":[{"@type":"ReadAction","target":["https:\/\/bodegasbaigorri.com\/en\/producto\/granbazan-etiqueta-ambar\/"]}]},{"@type":"ImageObject","inLanguage":"en-US","@id":"https:\/\/bodegasbaigorri.com\/en\/producto\/granbazan-etiqueta-ambar\/#primaryimage","url":"https:\/\/bodegasbaigorri.com\/wp-content\/uploads\/2021\/07\/granbazan-ambar1x1.jpg","contentUrl":"https:\/\/bodegasbaigorri.com\/wp-content\/uploads\/2021\/07\/granbazan-ambar1x1.jpg","width":2200,"height":2200},{"@type":"BreadcrumbList","@id":"https:\/\/bodegasbaigorri.com\/en\/producto\/granbazan-etiqueta-ambar\/#breadcrumb","itemListElement":[{"@type":"ListItem","position":1,"name":"Portada","item":"https:\/\/bodegasbaigorri.com\/en\/shop\/"},{"@type":"ListItem","position":2,"name":"Granbaz\u00e1n Etiqueta \u00c1mbar"}]},{"@type":"WebSite","@id":"https:\/\/bodegasbaigorri.com\/#website","url":"https:\/\/bodegasbaigorri.com\/","name":"Bodegas Baigorri","description":"","publisher":{"@id":"https:\/\/bodegasbaigorri.com\/#organization"},"potentialAction":[{"@type":"SearchAction","target":{"@type":"EntryPoint","urlTemplate":"https:\/\/bodegasbaigorri.com\/?s={search_term_string}"},"query-input":{"@type":"PropertyValueSpecification","valueRequired":true,"valueName":"search_term_string"}}],"inLanguage":"en-US"},{"@type":"Organization","@id":"https:\/\/bodegasbaigorri.com\/#organization","name":"Bodegas Baigorri","url":"https:\/\/bodegasbaigorri.com\/","logo":{"@type":"ImageObject","inLanguage":"en-US","@id":"https:\/\/bodegasbaigorri.com\/#\/schema\/logo\/image\/","url":"https:\/\/bodegasbaigorri.com\/wp-content\/uploads\/2019\/09\/logo-blanco.png","contentUrl":"https:\/\/bodegasbaigorri.com\/wp-content\/uploads\/2019\/09\/logo-blanco.png","width":80,"height":60,"caption":"Bodegas Baigorri"},"image":{"@id":"https:\/\/bodegasbaigorri.com\/#\/schema\/logo\/image\/"}}]}},"_links":{"self":[{"href":"https:\/\/bodegasbaigorri.com\/en\/wp-json\/wp\/v2\/product\/8038","targetHints":{"allow":["GET"]}}],"collection":[{"href":"https:\/\/bodegasbaigorri.com\/en\/wp-json\/wp\/v2\/product"}],"about":[{"href":"https:\/\/bodegasbaigorri.com\/en\/wp-json\/wp\/v2\/types\/product"}],"replies":[{"embeddable":true,"href":"https:\/\/bodegasbaigorri.com\/en\/wp-json\/wp\/v2\/comments?post=8038"}],"wp:featuredmedia":[{"embeddable":true,"href":"https:\/\/bodegasbaigorri.com\/en\/wp-json\/wp\/v2\/media\/7844"}],"wp:attachment":[{"href":"https:\/\/bodegasbaigorri.com\/en\/wp-json\/wp\/v2\/media?parent=8038"}],"wp:term":[{"taxonomy":"product_brand","embeddable":true,"href":"https:\/\/bodegasbaigorri.com\/en\/wp-json\/wp\/v2\/product_brand?post=8038"},{"taxonomy":"product_cat","embeddable":true,"href":"https:\/\/bodegasbaigorri.com\/en\/wp-json\/wp\/v2\/product_cat?post=8038"},{"taxonomy":"product_tag","embeddable":true,"href":"https:\/\/bodegasbaigorri.com\/en\/wp-json\/wp\/v2\/product_tag?post=8038"}],"curies":[{"name":"wp","href":"https:\/\/api.w.org\/{rel}","templated":true}]}}