{"id":12778,"date":"2025-11-18T11:32:59","date_gmt":"2025-11-18T10:32:59","guid":{"rendered":"https:\/\/bodegasbaigorri.com\/?post_type=product&#038;p=12778"},"modified":"2025-11-19T08:44:11","modified_gmt":"2025-11-19T07:44:11","slug":"baigorri-crianza-rioja-con-corazon","status":"publish","type":"product","link":"https:\/\/bodegasbaigorri.com\/en\/producto\/baigorri-crianza-rioja-con-corazon\/","title":{"rendered":"Baigorri Crianza Rioja con Coraz\u00f3n"},"content":{"rendered":"<p><i>Rioja con Coraz\u00f3n is a charity campaign to benefit C\u00e1ritas La Rioja, which was launched last Christmas in its first edition together with 25 wineries from the DOCa Rioja and with the collaboration of the wine guild and Carlos Echapresto. In this campaign, each participating winery sells 300 charity bottles of crianza wine, with a personalised label for the campaign including the brand name of each winery. From the sale of each of these bottles, which was carried out through the wineries&#8217; own channels, \u20ac2 goes to C\u00e1ritas La Rioja.<\/i><\/p>\n<p>&nbsp;<\/p>\n<p style=\"font-weight: 400;\">Rioja Crianza is far too often a wine category, whose quality, trimmed by industrial production and massive output to commercial success, rarely promises what the name suggests. Unlike our BAIGORRI Crianza: Authentic quality, originating from the vineyards of Rioja Alavesa, hand crafted and bottled without being fined or filtered.\u00a0\u00a0A powerful, fruit driven red wine, with enough structure and grip for a long life, but already far too tasty when it is young.<\/p>\n<p style=\"font-weight: 400;\">Crianza red wine made from the varieties Tempranillo (90%), Garnacha (5%) and a small percentage of other native ones, sourced exclusively from vineyards located in Rioja Alavesa.<\/p>\n<p style=\"font-weight: 400;\">After a manual picking, all the grapes are hand-selected using vibration and selection tables. Long macerations and intracellular fermentations with indigenous yeasts in conic stainless-steel tanks. Natural extraction by gravity. 14 month ageing in French and American oak barrels.<\/p>\n<p style=\"font-weight: 400;\"><strong>Vineyards<\/strong><\/p>\n<p style=\"font-weight: 400;\">Several plots located in the villages Samaniego, Laguardia und Leza, Rioja Alavesa, with its typical calcareous clay soils. Average altitude: 600 meter. Vine training system: mainly Gobelet (bush vine system). Sustainable viticulture with 100% handcraft.<\/p>\n<p style=\"font-weight: 400;\"><strong>Tasting note<\/strong><\/p>\n<p style=\"font-weight: 400;\">Deep cherry-red colour. Aromas of freshly picked black fruits and spices; complex and seductive. Elegant, silky and fruit driven on the palate; nice freshness. Long and intense finish.<\/p>\n","protected":false},"excerpt":{"rendered":"<p><a href=\"https:\/\/bodegasbaigorri.com\/wp-content\/uploads\/2023\/11\/Crianza-EN.pdf\" target=\"_blank\" rel=\"noopener\">Tasting sheet<\/a><\/p>\n","protected":false},"featured_media":12787,"comment_status":"open","ping_status":"closed","template":"","meta":[],"product_brand":[],"product_cat":[81],"product_tag":[],"class_list":{"0":"post-12778","1":"product","2":"type-product","3":"status-publish","4":"has-post-thumbnail","6":"product_cat-baigorri-en","8":"first","9":"instock","10":"taxable","11":"shipping-taxable","12":"purchasable","13":"product-type-simple"},"yoast_head":"<!-- This site is optimized with the Yoast SEO plugin v27.3 - https:\/\/yoast.com\/product\/yoast-seo-wordpress\/ -->\n<title>Baigorri Crianza Rioja con Coraz\u00f3n - Bodegas Baigorri<\/title>\n<meta name=\"robots\" content=\"index, follow, max-snippet:-1, max-image-preview:large, max-video-preview:-1\" \/>\n<link rel=\"canonical\" href=\"https:\/\/bodegasbaigorri.com\/en\/producto\/baigorri-crianza-rioja-con-corazon\/\" \/>\n<meta property=\"og:locale\" content=\"en_US\" \/>\n<meta property=\"og:type\" content=\"article\" \/>\n<meta property=\"og:title\" content=\"Baigorri Crianza Rioja con Coraz\u00f3n - Bodegas Baigorri\" \/>\n<meta property=\"og:description\" content=\"Tasting sheet\" \/>\n<meta property=\"og:url\" content=\"https:\/\/bodegasbaigorri.com\/en\/producto\/baigorri-crianza-rioja-con-corazon\/\" \/>\n<meta property=\"og:site_name\" content=\"Bodegas Baigorri\" \/>\n<meta property=\"article:modified_time\" content=\"2025-11-19T07:44:11+00:00\" \/>\n<meta property=\"og:image\" content=\"https:\/\/bodegasbaigorri.com\/wp-content\/uploads\/2025\/11\/2200-x-2200-px-producto-tienda.png?_t=1763538251\" \/>\n\t<meta property=\"og:image:width\" content=\"2200\" \/>\n\t<meta property=\"og:image:height\" content=\"2200\" \/>\n\t<meta property=\"og:image:type\" content=\"image\/png\" \/>\n<meta name=\"twitter:card\" content=\"summary_large_image\" \/>\n<meta name=\"twitter:label1\" content=\"Est. reading time\" \/>\n\t<meta name=\"twitter:data1\" content=\"2 minutes\" \/>\n<script type=\"application\/ld+json\" class=\"yoast-schema-graph\">{\"@context\":\"https:\\\/\\\/schema.org\",\"@graph\":[{\"@type\":\"WebPage\",\"@id\":\"https:\\\/\\\/bodegasbaigorri.com\\\/en\\\/producto\\\/baigorri-crianza-rioja-con-corazon\\\/\",\"url\":\"https:\\\/\\\/bodegasbaigorri.com\\\/en\\\/producto\\\/baigorri-crianza-rioja-con-corazon\\\/\",\"name\":\"Baigorri Crianza Rioja con Coraz\u00f3n - Bodegas Baigorri\",\"isPartOf\":{\"@id\":\"https:\\\/\\\/bodegasbaigorri.com\\\/#website\"},\"primaryImageOfPage\":{\"@id\":\"https:\\\/\\\/bodegasbaigorri.com\\\/en\\\/producto\\\/baigorri-crianza-rioja-con-corazon\\\/#primaryimage\"},\"image\":{\"@id\":\"https:\\\/\\\/bodegasbaigorri.com\\\/en\\\/producto\\\/baigorri-crianza-rioja-con-corazon\\\/#primaryimage\"},\"thumbnailUrl\":\"https:\\\/\\\/bodegasbaigorri.com\\\/wp-content\\\/uploads\\\/2025\\\/11\\\/2200-x-2200-px-producto-tienda.png\",\"datePublished\":\"2025-11-18T10:32:59+00:00\",\"dateModified\":\"2025-11-19T07:44:11+00:00\",\"breadcrumb\":{\"@id\":\"https:\\\/\\\/bodegasbaigorri.com\\\/en\\\/producto\\\/baigorri-crianza-rioja-con-corazon\\\/#breadcrumb\"},\"inLanguage\":\"en-US\",\"potentialAction\":[{\"@type\":\"ReadAction\",\"target\":[\"https:\\\/\\\/bodegasbaigorri.com\\\/en\\\/producto\\\/baigorri-crianza-rioja-con-corazon\\\/\"]}]},{\"@type\":\"ImageObject\",\"inLanguage\":\"en-US\",\"@id\":\"https:\\\/\\\/bodegasbaigorri.com\\\/en\\\/producto\\\/baigorri-crianza-rioja-con-corazon\\\/#primaryimage\",\"url\":\"https:\\\/\\\/bodegasbaigorri.com\\\/wp-content\\\/uploads\\\/2025\\\/11\\\/2200-x-2200-px-producto-tienda.png\",\"contentUrl\":\"https:\\\/\\\/bodegasbaigorri.com\\\/wp-content\\\/uploads\\\/2025\\\/11\\\/2200-x-2200-px-producto-tienda.png\",\"width\":2200,\"height\":2200},{\"@type\":\"BreadcrumbList\",\"@id\":\"https:\\\/\\\/bodegasbaigorri.com\\\/en\\\/producto\\\/baigorri-crianza-rioja-con-corazon\\\/#breadcrumb\",\"itemListElement\":[{\"@type\":\"ListItem\",\"position\":1,\"name\":\"Portada\",\"item\":\"https:\\\/\\\/bodegasbaigorri.com\\\/en\\\/shop\\\/\"},{\"@type\":\"ListItem\",\"position\":2,\"name\":\"Baigorri Crianza Rioja con Coraz\u00f3n\"}]},{\"@type\":\"WebSite\",\"@id\":\"https:\\\/\\\/bodegasbaigorri.com\\\/#website\",\"url\":\"https:\\\/\\\/bodegasbaigorri.com\\\/\",\"name\":\"Bodegas Baigorri\",\"description\":\"\",\"publisher\":{\"@id\":\"https:\\\/\\\/bodegasbaigorri.com\\\/#organization\"},\"potentialAction\":[{\"@type\":\"SearchAction\",\"target\":{\"@type\":\"EntryPoint\",\"urlTemplate\":\"https:\\\/\\\/bodegasbaigorri.com\\\/?s={search_term_string}\"},\"query-input\":{\"@type\":\"PropertyValueSpecification\",\"valueRequired\":true,\"valueName\":\"search_term_string\"}}],\"inLanguage\":\"en-US\"},{\"@type\":\"Organization\",\"@id\":\"https:\\\/\\\/bodegasbaigorri.com\\\/#organization\",\"name\":\"Bodegas Baigorri\",\"url\":\"https:\\\/\\\/bodegasbaigorri.com\\\/\",\"logo\":{\"@type\":\"ImageObject\",\"inLanguage\":\"en-US\",\"@id\":\"https:\\\/\\\/bodegasbaigorri.com\\\/#\\\/schema\\\/logo\\\/image\\\/\",\"url\":\"https:\\\/\\\/bodegasbaigorri.com\\\/wp-content\\\/uploads\\\/2019\\\/09\\\/logo-blanco.png\",\"contentUrl\":\"https:\\\/\\\/bodegasbaigorri.com\\\/wp-content\\\/uploads\\\/2019\\\/09\\\/logo-blanco.png\",\"width\":80,\"height\":60,\"caption\":\"Bodegas Baigorri\"},\"image\":{\"@id\":\"https:\\\/\\\/bodegasbaigorri.com\\\/#\\\/schema\\\/logo\\\/image\\\/\"}}]}<\/script>\n<!-- \/ Yoast SEO plugin. -->","yoast_head_json":{"title":"Baigorri Crianza Rioja con Coraz\u00f3n - Bodegas Baigorri","robots":{"index":"index","follow":"follow","max-snippet":"max-snippet:-1","max-image-preview":"max-image-preview:large","max-video-preview":"max-video-preview:-1"},"canonical":"https:\/\/bodegasbaigorri.com\/en\/producto\/baigorri-crianza-rioja-con-corazon\/","og_locale":"en_US","og_type":"article","og_title":"Baigorri Crianza Rioja con Coraz\u00f3n - Bodegas Baigorri","og_description":"Tasting sheet","og_url":"https:\/\/bodegasbaigorri.com\/en\/producto\/baigorri-crianza-rioja-con-corazon\/","og_site_name":"Bodegas Baigorri","article_modified_time":"2025-11-19T07:44:11+00:00","og_image":[{"width":2200,"height":2200,"url":"https:\/\/bodegasbaigorri.com\/wp-content\/uploads\/2025\/11\/2200-x-2200-px-producto-tienda.png?_t=1763538251","type":"image\/png"}],"twitter_card":"summary_large_image","twitter_misc":{"Est. reading time":"2 minutes"},"schema":{"@context":"https:\/\/schema.org","@graph":[{"@type":"WebPage","@id":"https:\/\/bodegasbaigorri.com\/en\/producto\/baigorri-crianza-rioja-con-corazon\/","url":"https:\/\/bodegasbaigorri.com\/en\/producto\/baigorri-crianza-rioja-con-corazon\/","name":"Baigorri Crianza Rioja con Coraz\u00f3n - Bodegas Baigorri","isPartOf":{"@id":"https:\/\/bodegasbaigorri.com\/#website"},"primaryImageOfPage":{"@id":"https:\/\/bodegasbaigorri.com\/en\/producto\/baigorri-crianza-rioja-con-corazon\/#primaryimage"},"image":{"@id":"https:\/\/bodegasbaigorri.com\/en\/producto\/baigorri-crianza-rioja-con-corazon\/#primaryimage"},"thumbnailUrl":"https:\/\/bodegasbaigorri.com\/wp-content\/uploads\/2025\/11\/2200-x-2200-px-producto-tienda.png","datePublished":"2025-11-18T10:32:59+00:00","dateModified":"2025-11-19T07:44:11+00:00","breadcrumb":{"@id":"https:\/\/bodegasbaigorri.com\/en\/producto\/baigorri-crianza-rioja-con-corazon\/#breadcrumb"},"inLanguage":"en-US","potentialAction":[{"@type":"ReadAction","target":["https:\/\/bodegasbaigorri.com\/en\/producto\/baigorri-crianza-rioja-con-corazon\/"]}]},{"@type":"ImageObject","inLanguage":"en-US","@id":"https:\/\/bodegasbaigorri.com\/en\/producto\/baigorri-crianza-rioja-con-corazon\/#primaryimage","url":"https:\/\/bodegasbaigorri.com\/wp-content\/uploads\/2025\/11\/2200-x-2200-px-producto-tienda.png","contentUrl":"https:\/\/bodegasbaigorri.com\/wp-content\/uploads\/2025\/11\/2200-x-2200-px-producto-tienda.png","width":2200,"height":2200},{"@type":"BreadcrumbList","@id":"https:\/\/bodegasbaigorri.com\/en\/producto\/baigorri-crianza-rioja-con-corazon\/#breadcrumb","itemListElement":[{"@type":"ListItem","position":1,"name":"Portada","item":"https:\/\/bodegasbaigorri.com\/en\/shop\/"},{"@type":"ListItem","position":2,"name":"Baigorri Crianza Rioja con Coraz\u00f3n"}]},{"@type":"WebSite","@id":"https:\/\/bodegasbaigorri.com\/#website","url":"https:\/\/bodegasbaigorri.com\/","name":"Bodegas Baigorri","description":"","publisher":{"@id":"https:\/\/bodegasbaigorri.com\/#organization"},"potentialAction":[{"@type":"SearchAction","target":{"@type":"EntryPoint","urlTemplate":"https:\/\/bodegasbaigorri.com\/?s={search_term_string}"},"query-input":{"@type":"PropertyValueSpecification","valueRequired":true,"valueName":"search_term_string"}}],"inLanguage":"en-US"},{"@type":"Organization","@id":"https:\/\/bodegasbaigorri.com\/#organization","name":"Bodegas Baigorri","url":"https:\/\/bodegasbaigorri.com\/","logo":{"@type":"ImageObject","inLanguage":"en-US","@id":"https:\/\/bodegasbaigorri.com\/#\/schema\/logo\/image\/","url":"https:\/\/bodegasbaigorri.com\/wp-content\/uploads\/2019\/09\/logo-blanco.png","contentUrl":"https:\/\/bodegasbaigorri.com\/wp-content\/uploads\/2019\/09\/logo-blanco.png","width":80,"height":60,"caption":"Bodegas Baigorri"},"image":{"@id":"https:\/\/bodegasbaigorri.com\/#\/schema\/logo\/image\/"}}]}},"_links":{"self":[{"href":"https:\/\/bodegasbaigorri.com\/en\/wp-json\/wp\/v2\/product\/12778","targetHints":{"allow":["GET"]}}],"collection":[{"href":"https:\/\/bodegasbaigorri.com\/en\/wp-json\/wp\/v2\/product"}],"about":[{"href":"https:\/\/bodegasbaigorri.com\/en\/wp-json\/wp\/v2\/types\/product"}],"replies":[{"embeddable":true,"href":"https:\/\/bodegasbaigorri.com\/en\/wp-json\/wp\/v2\/comments?post=12778"}],"wp:featuredmedia":[{"embeddable":true,"href":"https:\/\/bodegasbaigorri.com\/en\/wp-json\/wp\/v2\/media\/12787"}],"wp:attachment":[{"href":"https:\/\/bodegasbaigorri.com\/en\/wp-json\/wp\/v2\/media?parent=12778"}],"wp:term":[{"taxonomy":"product_brand","embeddable":true,"href":"https:\/\/bodegasbaigorri.com\/en\/wp-json\/wp\/v2\/product_brand?post=12778"},{"taxonomy":"product_cat","embeddable":true,"href":"https:\/\/bodegasbaigorri.com\/en\/wp-json\/wp\/v2\/product_cat?post=12778"},{"taxonomy":"product_tag","embeddable":true,"href":"https:\/\/bodegasbaigorri.com\/en\/wp-json\/wp\/v2\/product_tag?post=12778"}],"curies":[{"name":"wp","href":"https:\/\/api.w.org\/{rel}","templated":true}]}}