{"id":11996,"date":"2025-02-11T18:58:30","date_gmt":"2025-02-11T17:58:30","guid":{"rendered":"https:\/\/bodegasbaigorri.com\/producto\/11996\/"},"modified":"2025-10-24T17:09:29","modified_gmt":"2025-10-24T15:09:29","slug":"11996","status":"publish","type":"product","link":"https:\/\/bodegasbaigorri.com\/en\/producto\/11996\/","title":{"rendered":"Granbaz\u00e1n Extra Brut"},"content":{"rendered":"<p>Albari\u00f1o Granbaz\u00e1n Extra Brut is born from our unceasing desire to show the versatility of this noble variety, to enhance its ability to show different sides of a product from the same raw material grown in different corners of this privileged Denomination of Origin.<\/p>\n<p>A classic but innovative winery, it is under this duality that has characterised Bodegas Granbaz\u00e1n in its more than 40 years of history that we have wanted to expand our horizon of still Albari\u00f1o wines, starting with trials in the production of base wines for quality sparkling wines since 2018, thus commemorating the production of Galician sparkling wines dating back to the 1920s.<\/p>\n<h3><strong>Vineyards<\/strong><\/h3>\n<p>The grapes come from the northernmost area of the R\u00edas Baixas Designation of Origin, in the municipality of Vedra, north of the river Ulla. Here, at the end of the summer season, the grapes reach a low alcohol content and maintain a crisp acidity, which makes it the perfect place for the production of base wines. The soils are somewhat deeper compared to the Saln\u00e9s, with the presence of material derived from metamorphic rocks and rich in organic matter.<\/p>\n<h3>Tasting notes<\/h3>\n<p>Bright straw yellow colour, persistent crown of foam and fine, persistent bubbles. Medium intensity on the nose with notes of green fruit such as apple, enhancing the aromas derived from the ageing process without losing varietal typicity. The palate is very tense and saline on the palate, enhanced by its fine perlage.<\/p>\n","protected":false},"excerpt":{"rendered":"<p><a href=\"https:\/\/bodegasbaigorri.com\/wp-content\/uploads\/2025\/10\/AGRO-464-Ficha_Extra-Brut_ING.pdf\" target=\"_blank\" rel=\"noopener\">Tasting sheet<\/a><\/p>\n","protected":false},"featured_media":11966,"comment_status":"open","ping_status":"closed","template":"","meta":[],"product_brand":[],"product_cat":[82],"product_tag":[],"class_list":{"0":"post-11996","1":"product","2":"type-product","3":"status-publish","4":"has-post-thumbnail","6":"product_cat-granbazan-en","8":"first","9":"outofstock","10":"taxable","11":"shipping-taxable","12":"purchasable","13":"product-type-simple"},"yoast_head":"<!-- This site is optimized with the Yoast SEO plugin v27.3 - https:\/\/yoast.com\/product\/yoast-seo-wordpress\/ -->\n<title>Granbaz\u00e1n Extra Brut - Bodegas Baigorri<\/title>\n<meta name=\"robots\" content=\"index, follow, max-snippet:-1, max-image-preview:large, max-video-preview:-1\" \/>\n<link rel=\"canonical\" href=\"https:\/\/bodegasbaigorri.com\/en\/producto\/11996\/\" \/>\n<meta property=\"og:locale\" content=\"en_US\" \/>\n<meta property=\"og:type\" content=\"article\" \/>\n<meta property=\"og:title\" content=\"Granbaz\u00e1n Extra Brut - Bodegas Baigorri\" \/>\n<meta property=\"og:description\" content=\"Tasting sheet\" \/>\n<meta property=\"og:url\" content=\"https:\/\/bodegasbaigorri.com\/en\/producto\/11996\/\" \/>\n<meta property=\"og:site_name\" content=\"Bodegas Baigorri\" \/>\n<meta property=\"article:modified_time\" content=\"2025-10-24T15:09:29+00:00\" \/>\n<meta property=\"og:image\" content=\"https:\/\/bodegasbaigorri.com\/wp-content\/uploads\/2025\/02\/granbazan-brut-768x768-1.jpg?_t=1761318569\" \/>\n\t<meta property=\"og:image:width\" content=\"768\" \/>\n\t<meta property=\"og:image:height\" content=\"768\" \/>\n\t<meta property=\"og:image:type\" content=\"image\/jpeg\" \/>\n<meta name=\"twitter:card\" content=\"summary_large_image\" \/>\n<meta name=\"twitter:label1\" content=\"Est. reading time\" \/>\n\t<meta name=\"twitter:data1\" content=\"2 minutes\" \/>\n<script type=\"application\/ld+json\" class=\"yoast-schema-graph\">{\"@context\":\"https:\\\/\\\/schema.org\",\"@graph\":[{\"@type\":\"WebPage\",\"@id\":\"https:\\\/\\\/bodegasbaigorri.com\\\/en\\\/producto\\\/11996\\\/\",\"url\":\"https:\\\/\\\/bodegasbaigorri.com\\\/en\\\/producto\\\/11996\\\/\",\"name\":\"Granbaz\u00e1n Extra Brut - Bodegas Baigorri\",\"isPartOf\":{\"@id\":\"https:\\\/\\\/bodegasbaigorri.com\\\/#website\"},\"primaryImageOfPage\":{\"@id\":\"https:\\\/\\\/bodegasbaigorri.com\\\/en\\\/producto\\\/11996\\\/#primaryimage\"},\"image\":{\"@id\":\"https:\\\/\\\/bodegasbaigorri.com\\\/en\\\/producto\\\/11996\\\/#primaryimage\"},\"thumbnailUrl\":\"https:\\\/\\\/bodegasbaigorri.com\\\/wp-content\\\/uploads\\\/2025\\\/02\\\/granbazan-brut-768x768-1.jpg\",\"datePublished\":\"2025-02-11T17:58:30+00:00\",\"dateModified\":\"2025-10-24T15:09:29+00:00\",\"breadcrumb\":{\"@id\":\"https:\\\/\\\/bodegasbaigorri.com\\\/en\\\/producto\\\/11996\\\/#breadcrumb\"},\"inLanguage\":\"en-US\",\"potentialAction\":[{\"@type\":\"ReadAction\",\"target\":[\"https:\\\/\\\/bodegasbaigorri.com\\\/en\\\/producto\\\/11996\\\/\"]}]},{\"@type\":\"ImageObject\",\"inLanguage\":\"en-US\",\"@id\":\"https:\\\/\\\/bodegasbaigorri.com\\\/en\\\/producto\\\/11996\\\/#primaryimage\",\"url\":\"https:\\\/\\\/bodegasbaigorri.com\\\/wp-content\\\/uploads\\\/2025\\\/02\\\/granbazan-brut-768x768-1.jpg\",\"contentUrl\":\"https:\\\/\\\/bodegasbaigorri.com\\\/wp-content\\\/uploads\\\/2025\\\/02\\\/granbazan-brut-768x768-1.jpg\",\"width\":768,\"height\":768},{\"@type\":\"BreadcrumbList\",\"@id\":\"https:\\\/\\\/bodegasbaigorri.com\\\/en\\\/producto\\\/11996\\\/#breadcrumb\",\"itemListElement\":[{\"@type\":\"ListItem\",\"position\":1,\"name\":\"Portada\",\"item\":\"https:\\\/\\\/bodegasbaigorri.com\\\/en\\\/shop\\\/\"},{\"@type\":\"ListItem\",\"position\":2,\"name\":\"Granbaz\u00e1n Extra Brut\"}]},{\"@type\":\"WebSite\",\"@id\":\"https:\\\/\\\/bodegasbaigorri.com\\\/#website\",\"url\":\"https:\\\/\\\/bodegasbaigorri.com\\\/\",\"name\":\"Bodegas Baigorri\",\"description\":\"\",\"publisher\":{\"@id\":\"https:\\\/\\\/bodegasbaigorri.com\\\/#organization\"},\"potentialAction\":[{\"@type\":\"SearchAction\",\"target\":{\"@type\":\"EntryPoint\",\"urlTemplate\":\"https:\\\/\\\/bodegasbaigorri.com\\\/?s={search_term_string}\"},\"query-input\":{\"@type\":\"PropertyValueSpecification\",\"valueRequired\":true,\"valueName\":\"search_term_string\"}}],\"inLanguage\":\"en-US\"},{\"@type\":\"Organization\",\"@id\":\"https:\\\/\\\/bodegasbaigorri.com\\\/#organization\",\"name\":\"Bodegas Baigorri\",\"url\":\"https:\\\/\\\/bodegasbaigorri.com\\\/\",\"logo\":{\"@type\":\"ImageObject\",\"inLanguage\":\"en-US\",\"@id\":\"https:\\\/\\\/bodegasbaigorri.com\\\/#\\\/schema\\\/logo\\\/image\\\/\",\"url\":\"https:\\\/\\\/bodegasbaigorri.com\\\/wp-content\\\/uploads\\\/2019\\\/09\\\/logo-blanco.png\",\"contentUrl\":\"https:\\\/\\\/bodegasbaigorri.com\\\/wp-content\\\/uploads\\\/2019\\\/09\\\/logo-blanco.png\",\"width\":80,\"height\":60,\"caption\":\"Bodegas Baigorri\"},\"image\":{\"@id\":\"https:\\\/\\\/bodegasbaigorri.com\\\/#\\\/schema\\\/logo\\\/image\\\/\"}}]}<\/script>\n<!-- \/ Yoast SEO plugin. -->","yoast_head_json":{"title":"Granbaz\u00e1n Extra Brut - Bodegas Baigorri","robots":{"index":"index","follow":"follow","max-snippet":"max-snippet:-1","max-image-preview":"max-image-preview:large","max-video-preview":"max-video-preview:-1"},"canonical":"https:\/\/bodegasbaigorri.com\/en\/producto\/11996\/","og_locale":"en_US","og_type":"article","og_title":"Granbaz\u00e1n Extra Brut - Bodegas Baigorri","og_description":"Tasting sheet","og_url":"https:\/\/bodegasbaigorri.com\/en\/producto\/11996\/","og_site_name":"Bodegas Baigorri","article_modified_time":"2025-10-24T15:09:29+00:00","og_image":[{"width":768,"height":768,"url":"https:\/\/bodegasbaigorri.com\/wp-content\/uploads\/2025\/02\/granbazan-brut-768x768-1.jpg?_t=1761318569","type":"image\/jpeg"}],"twitter_card":"summary_large_image","twitter_misc":{"Est. reading time":"2 minutes"},"schema":{"@context":"https:\/\/schema.org","@graph":[{"@type":"WebPage","@id":"https:\/\/bodegasbaigorri.com\/en\/producto\/11996\/","url":"https:\/\/bodegasbaigorri.com\/en\/producto\/11996\/","name":"Granbaz\u00e1n Extra Brut - Bodegas Baigorri","isPartOf":{"@id":"https:\/\/bodegasbaigorri.com\/#website"},"primaryImageOfPage":{"@id":"https:\/\/bodegasbaigorri.com\/en\/producto\/11996\/#primaryimage"},"image":{"@id":"https:\/\/bodegasbaigorri.com\/en\/producto\/11996\/#primaryimage"},"thumbnailUrl":"https:\/\/bodegasbaigorri.com\/wp-content\/uploads\/2025\/02\/granbazan-brut-768x768-1.jpg","datePublished":"2025-02-11T17:58:30+00:00","dateModified":"2025-10-24T15:09:29+00:00","breadcrumb":{"@id":"https:\/\/bodegasbaigorri.com\/en\/producto\/11996\/#breadcrumb"},"inLanguage":"en-US","potentialAction":[{"@type":"ReadAction","target":["https:\/\/bodegasbaigorri.com\/en\/producto\/11996\/"]}]},{"@type":"ImageObject","inLanguage":"en-US","@id":"https:\/\/bodegasbaigorri.com\/en\/producto\/11996\/#primaryimage","url":"https:\/\/bodegasbaigorri.com\/wp-content\/uploads\/2025\/02\/granbazan-brut-768x768-1.jpg","contentUrl":"https:\/\/bodegasbaigorri.com\/wp-content\/uploads\/2025\/02\/granbazan-brut-768x768-1.jpg","width":768,"height":768},{"@type":"BreadcrumbList","@id":"https:\/\/bodegasbaigorri.com\/en\/producto\/11996\/#breadcrumb","itemListElement":[{"@type":"ListItem","position":1,"name":"Portada","item":"https:\/\/bodegasbaigorri.com\/en\/shop\/"},{"@type":"ListItem","position":2,"name":"Granbaz\u00e1n Extra Brut"}]},{"@type":"WebSite","@id":"https:\/\/bodegasbaigorri.com\/#website","url":"https:\/\/bodegasbaigorri.com\/","name":"Bodegas Baigorri","description":"","publisher":{"@id":"https:\/\/bodegasbaigorri.com\/#organization"},"potentialAction":[{"@type":"SearchAction","target":{"@type":"EntryPoint","urlTemplate":"https:\/\/bodegasbaigorri.com\/?s={search_term_string}"},"query-input":{"@type":"PropertyValueSpecification","valueRequired":true,"valueName":"search_term_string"}}],"inLanguage":"en-US"},{"@type":"Organization","@id":"https:\/\/bodegasbaigorri.com\/#organization","name":"Bodegas Baigorri","url":"https:\/\/bodegasbaigorri.com\/","logo":{"@type":"ImageObject","inLanguage":"en-US","@id":"https:\/\/bodegasbaigorri.com\/#\/schema\/logo\/image\/","url":"https:\/\/bodegasbaigorri.com\/wp-content\/uploads\/2019\/09\/logo-blanco.png","contentUrl":"https:\/\/bodegasbaigorri.com\/wp-content\/uploads\/2019\/09\/logo-blanco.png","width":80,"height":60,"caption":"Bodegas Baigorri"},"image":{"@id":"https:\/\/bodegasbaigorri.com\/#\/schema\/logo\/image\/"}}]}},"_links":{"self":[{"href":"https:\/\/bodegasbaigorri.com\/en\/wp-json\/wp\/v2\/product\/11996","targetHints":{"allow":["GET"]}}],"collection":[{"href":"https:\/\/bodegasbaigorri.com\/en\/wp-json\/wp\/v2\/product"}],"about":[{"href":"https:\/\/bodegasbaigorri.com\/en\/wp-json\/wp\/v2\/types\/product"}],"replies":[{"embeddable":true,"href":"https:\/\/bodegasbaigorri.com\/en\/wp-json\/wp\/v2\/comments?post=11996"}],"wp:featuredmedia":[{"embeddable":true,"href":"https:\/\/bodegasbaigorri.com\/en\/wp-json\/wp\/v2\/media\/11966"}],"wp:attachment":[{"href":"https:\/\/bodegasbaigorri.com\/en\/wp-json\/wp\/v2\/media?parent=11996"}],"wp:term":[{"taxonomy":"product_brand","embeddable":true,"href":"https:\/\/bodegasbaigorri.com\/en\/wp-json\/wp\/v2\/product_brand?post=11996"},{"taxonomy":"product_cat","embeddable":true,"href":"https:\/\/bodegasbaigorri.com\/en\/wp-json\/wp\/v2\/product_cat?post=11996"},{"taxonomy":"product_tag","embeddable":true,"href":"https:\/\/bodegasbaigorri.com\/en\/wp-json\/wp\/v2\/product_tag?post=11996"}],"curies":[{"name":"wp","href":"https:\/\/api.w.org\/{rel}","templated":true}]}}