{"id":11192,"date":"2024-05-09T19:05:16","date_gmt":"2024-05-09T17:05:16","guid":{"rendered":"https:\/\/bodegasbaigorri.com\/?page_id=11192"},"modified":"2024-12-11T20:25:31","modified_gmt":"2024-12-11T19:25:31","slug":"lagrimas-de-san-lorenzo","status":"publish","type":"page","link":"https:\/\/bodegasbaigorri.com\/en\/lagrimas-de-san-lorenzo\/","title":{"rendered":"L\u00e1grimas de San Lorenzo 2024"},"content":{"rendered":"<p>[vc_row full_width=&#8221;stretch_row_content&#8221; el_class=&#8221;escritorio&#8221;][vc_column width=&#8221;3\/5&#8243;][vc_empty_space][vc_single_image image=&#8221;11273&#8243; img_size=&#8221;full&#8221; css=&#8221;.vc_custom_1718568941637{padding-top: 100px !important;padding-right: 100px !important;padding-bottom: 100px !important;padding-left: 100px !important;}&#8221;][\/vc_column][vc_column width=&#8221;2\/5&#8243;][vc_empty_space height=&#8221;250px&#8221; el_class=&#8221;nomovil&#8221;][vc_custom_heading text=&#8221;AUGUST 10th&#8221; font_container=&#8221;tag:h1|font_size:55|text_align:center|color:%23ffffff&#8221; use_theme_fonts=&#8221;yes&#8221;][vc_column_text]<\/p>\n<p style=\"text-align: center;\"><span style=\"color: #ffffff;\">An event to celebrate the magic<\/span><br \/>\n<span style=\"color: #ffffff;\">of summer nights in a unique setting.<\/span><\/p>\n<p>[\/vc_column_text]\t<div class=\"evc-button-wrapper evc-btn-center\">\n<a class=\"evc-button evc-shortcode  evc-btn-solid evc-btn-medium \" href=\"https:\/\/bodegasbaigorri.reservaswolfcrm.es\/reserva\/visitas\" target=\"_blank\" style=\"font-family: ApexSans;font-size: 18px;border-width: 3px\" data-hover-background-color=\"#dd9933\">\n\t\t<span class=\"evc-btn-text\">I WANT TO LIVE IT!<\/span>\n<\/a>\n\t<\/div>\n[\/vc_column][\/vc_row][vc_row full_width=&#8221;stretch_row_content&#8221; el_class=&#8221;movil&#8221;][vc_column width=&#8221;3\/5&#8243;][vc_empty_space height=&#8221;132px&#8221;][vc_single_image image=&#8221;11273&#8243; img_size=&#8221;full&#8221;][\/vc_column][vc_column width=&#8221;2\/5&#8243;][vc_empty_space height=&#8221;250px&#8221; el_class=&#8221;nomovil&#8221;][vc_custom_heading text=&#8221;AUGUST 10th&#8221; font_container=&#8221;tag:h1|font_size:55|text_align:center|color:%23ffffff&#8221; use_theme_fonts=&#8221;yes&#8221;][vc_column_text]<\/p>\n<p style=\"text-align: center;\"><span style=\"color: #ffffff;\">An event to celebrate the magic<\/span><br \/>\n<span style=\"color: #ffffff;\">of summer nights in a unique setting.<\/span><\/p>\n<p>[\/vc_column_text]\t<div class=\"evc-button-wrapper evc-btn-center\">\n<a class=\"evc-button evc-shortcode  evc-btn-solid evc-btn-medium \" href=\"https:\/\/bodegasbaigorri.reservaswolfcrm.es\/reserva\/visitas\" target=\"_blank\" style=\"font-family: ApexSans;font-size: 18px;border-width: 3px\" data-hover-background-color=\"#dd9933\">\n\t\t<span class=\"evc-btn-text\">I WANT TO LIVE IT!<\/span>\n<\/a>\n\t<\/div>\n[\/vc_column][\/vc_row][vc_row full_width=&#8221;stretch_row_content&#8221;][vc_column width=&#8221;1\/4&#8243;][\/vc_column][vc_column width=&#8221;1\/2&#8243;][vc_empty_space height=&#8221;75px&#8221;][vc_custom_heading text=&#8221;Perseids, live music and enogastronomy&#8221; font_container=&#8221;tag:h2|font_size:35|text_align:center|color:%23ffffff&#8221; use_theme_fonts=&#8221;yes&#8221;][vc_empty_space height=&#8221;150px&#8221; el_class=&#8221;nomovil&#8221;][\/vc_column][vc_column width=&#8221;1\/4&#8243;][\/vc_column][\/vc_row][vc_row full_width=&#8221;stretch_row_content&#8221;][vc_column width=&#8221;2\/5&#8243;][vc_empty_space height=&#8221;132px&#8221; el_class=&#8221;nomovil&#8221;][vc_column_text]<\/p>\n<p class=\"cvGsUA direction-ltr align-end para-style-body\" style=\"text-align: right;\"><span class=\"OYPEnA text-decoration-none text-strikethrough-none\" style=\"color: #ffffff;\">A lookout to the stars, a lookout over the vineyards<\/span><\/p>\n<p class=\"cvGsUA direction-ltr align-end para-style-body\" style=\"text-align: right;\"><span class=\"OYPEnA text-decoration-none text-strikethrough-none\" style=\"color: #ffffff;\">Our winery is the place where the amazing miracle of wine takes place.<\/span><\/p>\n<p class=\"cvGsUA direction-ltr align-end para-style-body\" style=\"text-align: right;\"><span class=\"OYPEnA text-decoration-none text-strikethrough-none\" style=\"color: #ffffff;\">An architecture that descends the hill to use gravity in an absolute commitment to sustainability and good winemaking.<\/span><\/p>\n<p>[\/vc_column_text][\/vc_column][vc_column width=&#8221;3\/5&#8243;][vc_single_image image=&#8221;11163&#8243; img_size=&#8221;full&#8221;][\/vc_column][\/vc_row][vc_row full_width=&#8221;stretch_row_content&#8221;][vc_column width=&#8221;1\/2&#8243;][vc_custom_heading text=&#8221;PROGRAMME&#8221; font_container=&#8221;tag:h2|text_align:right&#8221; use_theme_fonts=&#8221;yes&#8221;][vc_column_text]<\/p>\n<p style=\"text-align: right;\"><span style=\"color: #ffffff;\"><strong><u>20:00 <\/u><\/strong> &#8211; Door opening<\/span><\/p>\n<p style=\"text-align: right;\"><span style=\"color: #ffffff;\"><strong><u>20:30 <\/u><\/strong> &#8211; Beginning of the event with the performance of the magician ICEMAN and Luis Herrera Saxo Life &#8211; Cocktail service<\/span><\/p>\n<p style=\"text-align: right;\"><span style=\"color: #ffffff;\"><strong><u>22:30 <\/u><\/strong> \u2013 The Perseids presentation by V\u00edctor Lanchares, President of the Agrupaci\u00f3n Astron\u00f3mica de La Rioja.<\/span><\/p>\n<p style=\"text-align: right;\"><span style=\"color: #ffffff;\"><strong><u>23:15 <\/u><\/strong> &#8211; Concert by Demode Quartet.<\/span><\/p>\n<p style=\"text-align: right;\"><span style=\"color: #ffffff;\"><strong><u>00:45<\/u><\/strong> &#8211; End of the event<\/span><\/p>\n<p style=\"text-align: right;\"><span style=\"color: #ffffff;\"><i>Check out <a href=\"https:\/\/bodegasbaigorri.com\/wp-content\/uploads\/2024\/06\/Newsletter_Claim_ENG.jpg\" target=\"_blank\" rel=\"noopener\"><span style=\"color: #ff6600;\"><strong><u>the cocktail <\/u><\/strong> <\/span><\/a>we have prepared.<\/i><\/span><\/p>\n<p>[\/vc_column_text][vc_row_inner el_class=&#8221;.entradas&#8221;][vc_column_inner width=&#8221;1\/2&#8243;][vc_single_image image=&#8221;11147&#8243; img_size=&#8221;full&#8221; onclick=&#8221;custom_link&#8221; img_link_target=&#8221;_blank&#8221; link=&#8221;https:\/\/turismo.euskadi.eus\/es\/&#8221;][\/vc_column_inner][vc_column_inner width=&#8221;1\/2&#8243;][vc_single_image image=&#8221;11145&#8243; img_size=&#8221;full&#8221; onclick=&#8221;custom_link&#8221; img_link_target=&#8221;_blank&#8221; el_id=&#8221;entradas&#8221; link=&#8221;https:\/\/www.euskadi.eus\/gobierno-vasco\/departamento-turismo-comercio-consumo\/&#8221;][\/vc_column_inner][\/vc_row_inner][\/vc_column][vc_column width=&#8221;1\/2&#8243;][vc_single_image image=&#8221;11165&#8243; img_size=&#8221;full&#8221;][\/vc_column][\/vc_row][vc_row full_width=&#8221;stretch_row_content&#8221; disable_element=&#8221;yes&#8221; el_id=&#8221;entradas&#8221;][vc_column width=&#8221;3\/5&#8243;][vc_column_text]<\/p>\n<h2 class=\"cvGsUA direction-ltr align-end para-style-body\" style=\"text-align: right; margin-bottom: 0; padding-bottom: 0;\"><span class=\"OYPEnA text-decoration-underline text-strikethrough-none\">Precio XX\u20ac<\/span><\/h2>\n<h2 class=\"cvGsUA direction-ltr align-end para-style-body\" style=\"text-align: right; margin-top: 0; padding-top: 0;\"><span class=\"OYPEnA text-decoration-none text-strikethrough-none\">Opci\u00f3n con autob\u00fas desde Logro\u00f1o YY\u20ac<\/span><\/h2>\n<p>[\/vc_column_text][\/vc_column][vc_column width=&#8221;2\/5&#8243;][vc_custom_heading text=&#8221;\u00a1Aforo limitado!&#8221; font_container=&#8221;tag:h3|text_align:left&#8221; google_fonts=&#8221;font_family:Habibi%3Aregular|font_style:400%20regular%3A400%3Anormal&#8221;][\/vc_column][\/vc_row][vc_row full_width=&#8221;stretch_row_content&#8221; disable_element=&#8221;yes&#8221;][vc_column width=&#8221;1\/2&#8243;][vc_raw_html]JTNDc2NyaXB0JTIwc3JjJTNEJTIyaHR0cHMlM0ElMkYlMkZjZG4uY29tbW9uaW5qYS5jb20lMkZzZGslMkZsYXRlc3QlMkZjb21tb25uaW5qYS5qcyUyMiUyMGRlZmVyJTNFJTNDJTJGc2NyaXB0JTNFJTBBJTNDZGl2JTIwY2xhc3MlM0QlMjJjb21tb25uaW5qYV9jb21wb25lbnQlMjBwaWQtYzAwYTNiZjYtOWJkMi00MTY5LTllZmEtNmU2ZDAzYjkwMjFiJTIyJTNFJTNDJTJGZGl2JTNF[\/vc_raw_html][\/vc_column][vc_column width=&#8221;1\/2&#8243;][vc_empty_space height=&#8221;20px&#8221;][vc_custom_heading text=&#8221;LIMITED TICKETS!&#8221; font_container=&#8221;tag:h3|text_align:left&#8221; use_theme_fonts=&#8221;yes&#8221;]\t<div class=\"evc-button-wrapper evc-btn-left\">\n<a class=\"evc-button evc-shortcode  evc-btn-solid evc-btn-medium \" href=\"https:\/\/bodegasbaigorri.reservaswolfcrm.es\/reserva\/visitas\" target=\"_blank\" style=\"font-family: ApexSans;font-size: 18px;border-width: 3px\" data-hover-background-color=\"#dd9933\">\n\t\t<span class=\"evc-btn-text\">BUY TICKETS<\/span>\n<\/a>\n\t<\/div>\n[\/vc_column][\/vc_row][vc_row full_width=&#8221;stretch_row_content&#8221;][vc_column][\/vc_column][\/vc_row][vc_row full_width=&#8221;stretch_row_content_no_spaces&#8221;][vc_column][vc_single_image image=&#8221;11143&#8243; img_size=&#8221;1800&#8243; alignment=&#8221;center&#8221;][\/vc_column][\/vc_row][vc_row equal_height=&#8221;yes&#8221;][vc_column][vc_custom_heading text=&#8221;THAT&#8217;S HOW MUCH FUN WE HAD IN THE LAST EDITION&#8221; font_container=&#8221;tag:h2|text_align:center&#8221; use_theme_fonts=&#8221;yes&#8221;][\/vc_column][\/vc_row][vc_row equal_height=&#8221;yes&#8221; lvca_dark_bg=&#8221;true&#8221;][vc_column width=&#8221;2\/3&#8243;][vc_gallery type=&#8221;image_grid&#8221; images=&#8221;11157,11155,11153,11151,11182,11184&#8243; img_size=&#8221;350&#215;275&#8243;][\/vc_column][vc_column width=&#8221;1\/3&#8243;][vc_raw_html]JTNDaWZyYW1lJTIwd2lkdGglM0QlMjIzMTUlMjIlMjBoZWlnaHQlM0QlMjI1NjAlMjIlMjAlMEFzcmMlM0QlMjJodHRwcyUzQSUyRiUyRnd3dy55b3V0dWJlLmNvbSUyRmVtYmVkJTJGa2stSk5JOVFyVG8lMjIlMjAlMEF0aXRsZSUzRCUyMllvdVR1YmUlMjB2aWRlbyUyMHBsYXllciUyMiUyMGZyYW1lYm9yZGVyJTNEJTIyMCUyMiUyMCUwQWFsbG93JTNEJTIyYWNjZWxlcm9tZXRlciUzQiUyMGF1dG9wbGF5JTNCJTIwY2xpcGJvYXJkLXdyaXRlJTNCJTIwZW5jcnlwdGVkLW1lZGlhJTNCJTBBZ3lyb3Njb3BlJTNCJTIwcGljdHVyZS1pbi1waWN0dXJlJTNCJTBBd2ViLXNoYXJlJTIyJTBBYWxsb3dmdWxsc2NyZWVuJTNFJTNDJTJGaWZyYW1lJTNFJTBB[\/vc_raw_html][\/vc_column][\/vc_row][vc_row full_width=&#8221;stretch_row_content_no_spaces&#8221; full_height=&#8221;yes&#8221;][vc_column][vc_single_image image=&#8221;11159&#8243; img_size=&#8221;full&#8221; alignment=&#8221;center&#8221;][\/vc_column][\/vc_row]<\/p>\n","protected":false},"excerpt":{"rendered":"<p>[vc_row full_width=&#8221;stretch_row_content&#8221; el_class=&#8221;escritorio&#8221;][vc_column width=&#8221;3\/5&#8243;][vc_empty_space][vc_single_image image=&#8221;11273&#8243; img_size=&#8221;full&#8221; css=&#8221;.vc_custom_1718568941637{padding-top: 100px !important;padding-right: 100px !important;padding-bottom: 100px !important;padding-left: 100px !important;}&#8221;][\/vc_column][vc_column width=&#8221;2\/5&#8243;][vc_empty_space height=&#8221;250px&#8221; el_class=&#8221;nomovil&#8221;][vc_custom_heading text=&#8221;AUGUST 10th&#8221;<\/p>\n<p class=\"parent-more-link\"><a href=\"https:\/\/bodegasbaigorri.com\/en\/lagrimas-de-san-lorenzo\/\" class=\"more-link\">Continue <span class=\"screen-reader-text\">L\u00e1grimas de San Lorenzo 2024<\/span><\/a><\/p>\n","protected":false},"author":7,"featured_media":0,"parent":0,"menu_order":0,"comment_status":"closed","ping_status":"closed","template":"templates\/template-landing.php","meta":{"footnotes":""},"class_list":["post-11192","page","type-page","status-publish","hentry"],"yoast_head":"<!-- This site is optimized with the Yoast SEO plugin v27.4 - https:\/\/yoast.com\/product\/yoast-seo-wordpress\/ -->\n<title>L\u00e1grimas de San Lorenzo 2024 - Bodegas Baigorri<\/title>\n<meta name=\"robots\" content=\"index, follow, max-snippet:-1, max-image-preview:large, max-video-preview:-1\" \/>\n<link rel=\"canonical\" href=\"https:\/\/bodegasbaigorri.com\/en\/lagrimas-de-san-lorenzo\/\" \/>\n<meta property=\"og:locale\" content=\"en_US\" \/>\n<meta property=\"og:type\" content=\"article\" \/>\n<meta property=\"og:title\" content=\"L\u00e1grimas de San Lorenzo 2024 - Bodegas Baigorri\" \/>\n<meta property=\"og:description\" content=\"[vc_row full_width=&#8221;stretch_row_content&#8221; el_class=&#8221;escritorio&#8221;][vc_column width=&#8221;3\/5&#8243;][vc_empty_space][vc_single_image image=&#8221;11273&#8243; img_size=&#8221;full&#8221; css=&#8221;.vc_custom_1718568941637{padding-top: 100px !important;padding-right: 100px !important;padding-bottom: 100px !important;padding-left: 100px !important;}&#8221;][\/vc_column][vc_column width=&#8221;2\/5&#8243;][vc_empty_space height=&#8221;250px&#8221; el_class=&#8221;nomovil&#8221;][vc_custom_heading text=&#8221;AUGUST 10th&#8221;Continue L\u00e1grimas de San Lorenzo 2024\" \/>\n<meta property=\"og:url\" content=\"https:\/\/bodegasbaigorri.com\/en\/lagrimas-de-san-lorenzo\/\" \/>\n<meta property=\"og:site_name\" content=\"Bodegas Baigorri\" \/>\n<meta property=\"article:modified_time\" content=\"2024-12-11T19:25:31+00:00\" \/>\n<meta name=\"twitter:card\" content=\"summary_large_image\" \/>\n<meta name=\"twitter:label1\" content=\"Est. reading time\" \/>\n\t<meta name=\"twitter:data1\" content=\"2 minutes\" \/>\n<script type=\"application\/ld+json\" class=\"yoast-schema-graph\">{\"@context\":\"https:\\\/\\\/schema.org\",\"@graph\":[{\"@type\":\"WebPage\",\"@id\":\"https:\\\/\\\/bodegasbaigorri.com\\\/en\\\/lagrimas-de-san-lorenzo\\\/\",\"url\":\"https:\\\/\\\/bodegasbaigorri.com\\\/en\\\/lagrimas-de-san-lorenzo\\\/\",\"name\":\"L\u00e1grimas de San Lorenzo 2024 - Bodegas Baigorri\",\"isPartOf\":{\"@id\":\"https:\\\/\\\/bodegasbaigorri.com\\\/#website\"},\"datePublished\":\"2024-05-09T17:05:16+00:00\",\"dateModified\":\"2024-12-11T19:25:31+00:00\",\"inLanguage\":\"en-US\",\"potentialAction\":[{\"@type\":\"ReadAction\",\"target\":[\"https:\\\/\\\/bodegasbaigorri.com\\\/en\\\/lagrimas-de-san-lorenzo\\\/\"]}]},{\"@type\":\"WebSite\",\"@id\":\"https:\\\/\\\/bodegasbaigorri.com\\\/#website\",\"url\":\"https:\\\/\\\/bodegasbaigorri.com\\\/\",\"name\":\"Bodegas Baigorri\",\"description\":\"\",\"publisher\":{\"@id\":\"https:\\\/\\\/bodegasbaigorri.com\\\/#organization\"},\"potentialAction\":[{\"@type\":\"SearchAction\",\"target\":{\"@type\":\"EntryPoint\",\"urlTemplate\":\"https:\\\/\\\/bodegasbaigorri.com\\\/?s={search_term_string}\"},\"query-input\":{\"@type\":\"PropertyValueSpecification\",\"valueRequired\":true,\"valueName\":\"search_term_string\"}}],\"inLanguage\":\"en-US\"},{\"@type\":\"Organization\",\"@id\":\"https:\\\/\\\/bodegasbaigorri.com\\\/#organization\",\"name\":\"Bodegas Baigorri\",\"url\":\"https:\\\/\\\/bodegasbaigorri.com\\\/\",\"logo\":{\"@type\":\"ImageObject\",\"inLanguage\":\"en-US\",\"@id\":\"https:\\\/\\\/bodegasbaigorri.com\\\/#\\\/schema\\\/logo\\\/image\\\/\",\"url\":\"https:\\\/\\\/bodegasbaigorri.com\\\/wp-content\\\/uploads\\\/2019\\\/09\\\/logo-blanco.png\",\"contentUrl\":\"https:\\\/\\\/bodegasbaigorri.com\\\/wp-content\\\/uploads\\\/2019\\\/09\\\/logo-blanco.png\",\"width\":80,\"height\":60,\"caption\":\"Bodegas Baigorri\"},\"image\":{\"@id\":\"https:\\\/\\\/bodegasbaigorri.com\\\/#\\\/schema\\\/logo\\\/image\\\/\"}}]}<\/script>\n<!-- \/ Yoast SEO plugin. -->","yoast_head_json":{"title":"L\u00e1grimas de San Lorenzo 2024 - Bodegas Baigorri","robots":{"index":"index","follow":"follow","max-snippet":"max-snippet:-1","max-image-preview":"max-image-preview:large","max-video-preview":"max-video-preview:-1"},"canonical":"https:\/\/bodegasbaigorri.com\/en\/lagrimas-de-san-lorenzo\/","og_locale":"en_US","og_type":"article","og_title":"L\u00e1grimas de San Lorenzo 2024 - Bodegas Baigorri","og_description":"[vc_row full_width=&#8221;stretch_row_content&#8221; el_class=&#8221;escritorio&#8221;][vc_column width=&#8221;3\/5&#8243;][vc_empty_space][vc_single_image image=&#8221;11273&#8243; img_size=&#8221;full&#8221; css=&#8221;.vc_custom_1718568941637{padding-top: 100px !important;padding-right: 100px !important;padding-bottom: 100px !important;padding-left: 100px !important;}&#8221;][\/vc_column][vc_column width=&#8221;2\/5&#8243;][vc_empty_space height=&#8221;250px&#8221; el_class=&#8221;nomovil&#8221;][vc_custom_heading text=&#8221;AUGUST 10th&#8221;Continue L\u00e1grimas de San Lorenzo 2024","og_url":"https:\/\/bodegasbaigorri.com\/en\/lagrimas-de-san-lorenzo\/","og_site_name":"Bodegas Baigorri","article_modified_time":"2024-12-11T19:25:31+00:00","twitter_card":"summary_large_image","twitter_misc":{"Est. reading time":"2 minutes"},"schema":{"@context":"https:\/\/schema.org","@graph":[{"@type":"WebPage","@id":"https:\/\/bodegasbaigorri.com\/en\/lagrimas-de-san-lorenzo\/","url":"https:\/\/bodegasbaigorri.com\/en\/lagrimas-de-san-lorenzo\/","name":"L\u00e1grimas de San Lorenzo 2024 - Bodegas Baigorri","isPartOf":{"@id":"https:\/\/bodegasbaigorri.com\/#website"},"datePublished":"2024-05-09T17:05:16+00:00","dateModified":"2024-12-11T19:25:31+00:00","inLanguage":"en-US","potentialAction":[{"@type":"ReadAction","target":["https:\/\/bodegasbaigorri.com\/en\/lagrimas-de-san-lorenzo\/"]}]},{"@type":"WebSite","@id":"https:\/\/bodegasbaigorri.com\/#website","url":"https:\/\/bodegasbaigorri.com\/","name":"Bodegas Baigorri","description":"","publisher":{"@id":"https:\/\/bodegasbaigorri.com\/#organization"},"potentialAction":[{"@type":"SearchAction","target":{"@type":"EntryPoint","urlTemplate":"https:\/\/bodegasbaigorri.com\/?s={search_term_string}"},"query-input":{"@type":"PropertyValueSpecification","valueRequired":true,"valueName":"search_term_string"}}],"inLanguage":"en-US"},{"@type":"Organization","@id":"https:\/\/bodegasbaigorri.com\/#organization","name":"Bodegas Baigorri","url":"https:\/\/bodegasbaigorri.com\/","logo":{"@type":"ImageObject","inLanguage":"en-US","@id":"https:\/\/bodegasbaigorri.com\/#\/schema\/logo\/image\/","url":"https:\/\/bodegasbaigorri.com\/wp-content\/uploads\/2019\/09\/logo-blanco.png","contentUrl":"https:\/\/bodegasbaigorri.com\/wp-content\/uploads\/2019\/09\/logo-blanco.png","width":80,"height":60,"caption":"Bodegas Baigorri"},"image":{"@id":"https:\/\/bodegasbaigorri.com\/#\/schema\/logo\/image\/"}}]}},"_links":{"self":[{"href":"https:\/\/bodegasbaigorri.com\/en\/wp-json\/wp\/v2\/pages\/11192","targetHints":{"allow":["GET"]}}],"collection":[{"href":"https:\/\/bodegasbaigorri.com\/en\/wp-json\/wp\/v2\/pages"}],"about":[{"href":"https:\/\/bodegasbaigorri.com\/en\/wp-json\/wp\/v2\/types\/page"}],"author":[{"embeddable":true,"href":"https:\/\/bodegasbaigorri.com\/en\/wp-json\/wp\/v2\/users\/7"}],"replies":[{"embeddable":true,"href":"https:\/\/bodegasbaigorri.com\/en\/wp-json\/wp\/v2\/comments?post=11192"}],"version-history":[{"count":0,"href":"https:\/\/bodegasbaigorri.com\/en\/wp-json\/wp\/v2\/pages\/11192\/revisions"}],"wp:attachment":[{"href":"https:\/\/bodegasbaigorri.com\/en\/wp-json\/wp\/v2\/media?parent=11192"}],"curies":[{"name":"wp","href":"https:\/\/api.w.org\/{rel}","templated":true}]}}