{"id":10236,"date":"2023-06-16T13:47:18","date_gmt":"2023-06-16T11:47:18","guid":{"rendered":"https:\/\/bodegasbaigorri.com\/?page_id=10236"},"modified":"2024-05-21T13:01:43","modified_gmt":"2024-05-21T11:01:43","slug":"lagrimas-de-san-lorenzo-2023","status":"publish","type":"page","link":"https:\/\/bodegasbaigorri.com\/en\/lagrimas-de-san-lorenzo-2023\/","title":{"rendered":"L\u00e1grimas de San Lorenzo"},"content":{"rendered":"<p>[vc_row css=&#8221;.vc_custom_1654591077042{margin-top: -100px !important;margin-bottom: -50px !important;background-image: url(https:\/\/bodegasbaigorri.com\/wp-content\/uploads\/2022\/06\/cabecera_sin_txt-scaled.jpg?id=8960) !important;background-position: center !important;background-repeat: no-repeat !important;background-size: cover !important;}&#8221;][vc_column][vc_row_inner][vc_column_inner offset=&#8221;vc_hidden-sm vc_hidden-xs&#8221;][vc_empty_space height=&#8221;200px&#8221;][\/vc_column_inner][\/vc_row_inner][vc_row_inner][vc_column_inner width=&#8221;2\/12&#8243; css=&#8221;.vc_custom_1607958541863{margin-right: 60px !important;}&#8221;][vc_empty_space height=&#8221;50px&#8221; css=&#8221;.vc_custom_1607958609983{margin-right: 40px !important;}&#8221;][\/vc_column_inner][vc_column_inner width=&#8221;8\/12&#8243;][vc_column_text css=&#8221;.vc_custom_1686915758986{padding-top: 50px !important;padding-bottom: 0px !important;}&#8221;]<\/p>\n<p style=\"text-align: center; color: #fff; font-size: 28px; shadow: 5px 5px 5px black; margin-top: 0px;\">12th August 2023<\/p>\n<p style=\"text-align: center; color: #cfba49; font-size: 30px; shadow: 5px 5px 5px black; margin-top: 0px;\">Experience the most magical night at Bodegas Baigorri!<\/p>\n<p>[\/vc_column_text][vc_column_text css=&#8221;.vc_custom_1654591734477{padding-top: 0px !important;padding-bottom: 0px !important;}&#8221;]<\/p>\n<h3 class=\"tituloExperiencias\" style=\"text-align: center; color: #fff; font-size: 72px; shadow: 5px 5px 5px black; margin-top: 0px;\">L\u00e1grimas de San Lorenzo<\/h3>\n<p>[\/vc_column_text][vc_column_text css=&#8221;.vc_custom_1686915773425{padding-top: 0px !important;padding-bottom: 0px !important;}&#8221;]<\/p>\n<p style=\"text-align: center; color: #cfba49; font-size: 26px; shadow: 5px 5px 5px black; margin-top: 0px;\">METEOR SHOWER, LIVE MUSIC AND ENOGASTRONOMY<\/p>\n<p>[\/vc_column_text][\/vc_column_inner][vc_column_inner width=&#8221;2\/12&#8243; css=&#8221;.vc_custom_1607958535639{margin-left: 60px !important;}&#8221;][vc_empty_space height=&#8221;75px&#8221; css=&#8221;.vc_custom_1607958616839{margin-left: 40px !important;}&#8221;][\/vc_column_inner][\/vc_row_inner][vc_row_inner][vc_column_inner][vc_btn title=&#8221;I WANT TO LIVE IT!&#8221; style=&#8221;custom&#8221; custom_background=&#8221;#ffffff&#8221; custom_text=&#8221;#0f0f0f&#8221; shape=&#8221;square&#8221; size=&#8221;lg&#8221; align=&#8221;center&#8221; link=&#8221;url:https%3A%2F%2Fbodegasbaigorri.reservaswolfcrm.es%2Freserva%2Fvisitas|title:L%C3%A1grimas%20de%20San%20lorenzo|target:%20_blank|&#8221;][\/vc_column_inner][\/vc_row_inner][vc_row_inner][vc_column_inner width=&#8221;2\/12&#8243; css=&#8221;.vc_custom_1607958541863{margin-right: 60px !important;}&#8221;][vc_empty_space height=&#8221;50px&#8221; css=&#8221;.vc_custom_1607958609983{margin-right: 40px !important;}&#8221;][\/vc_column_inner][vc_column_inner width=&#8221;8\/12&#8243;][vc_empty_space][\/vc_column_inner][vc_column_inner width=&#8221;2\/12&#8243; css=&#8221;.vc_custom_1607958535639{margin-left: 60px !important;}&#8221;][vc_empty_space height=&#8221;75px&#8221; css=&#8221;.vc_custom_1607958616839{margin-left: 40px !important;}&#8221;][\/vc_column_inner][\/vc_row_inner][\/vc_column][\/vc_row][vc_row el_id=&#8221;visita-y-cata&#8221; css=&#8221;.vc_custom_1646311483504{padding-top: 0px !important;padding-right: 0px !important;padding-bottom: 0px !important;padding-left: 0px !important;}&#8221;][vc_column width=&#8221;1\/2&#8243; css=&#8221;.vc_custom_1654594063463{padding-right: 20px !important;background-position: center !important;background-repeat: no-repeat !important;background-size: cover !important;}&#8221;][vc_row_inner disable_element=&#8221;yes&#8221; css=&#8221;.vc_custom_1686298940778{background-position: center !important;background-repeat: no-repeat !important;background-size: cover !important;}&#8221;][vc_column_inner width=&#8221;1\/2&#8243; css=&#8221;.vc_custom_1654593766494{background-image: url(https:\/\/bodegasbaigorri.com\/wp-content\/uploads\/2022\/06\/platos_preparados-01.jpg?id=8974) !important;background-position: center !important;background-repeat: no-repeat !important;background-size: cover !important;}&#8221;][vc_empty_space height=&#8221;200&#8243;][\/vc_column_inner][vc_column_inner width=&#8221;1\/2&#8243; css=&#8221;.vc_custom_1654593782808{background-image: url(https:\/\/bodegasbaigorri.com\/wp-content\/uploads\/2022\/06\/platos_preparados-02.jpg?id=8972) !important;background-position: center !important;background-repeat: no-repeat !important;background-size: cover !important;}&#8221;][vc_empty_space height=&#8221;200&#8243;][\/vc_column_inner][\/vc_row_inner][vc_row_inner disable_element=&#8221;yes&#8221; css=&#8221;.vc_custom_1686298946479{background-position: center !important;background-repeat: no-repeat !important;background-size: cover !important;}&#8221;][vc_column_inner width=&#8221;1\/2&#8243; css=&#8221;.vc_custom_1654593845470{background-image: url(https:\/\/bodegasbaigorri.com\/wp-content\/uploads\/2022\/06\/platos_preparados-03.jpg?id=8970) !important;background-position: center !important;background-repeat: no-repeat !important;background-size: cover !important;}&#8221;][vc_empty_space height=&#8221;200&#8243;][\/vc_column_inner][vc_column_inner width=&#8221;1\/2&#8243; css=&#8221;.vc_custom_1654593865366{background-image: url(https:\/\/bodegasbaigorri.com\/wp-content\/uploads\/2022\/06\/platos_preparados-04.jpg?id=8968) !important;background-position: center !important;background-repeat: no-repeat !important;background-size: cover !important;}&#8221;][vc_empty_space height=&#8221;200&#8243;][\/vc_column_inner][\/vc_row_inner][vc_row_inner css=&#8221;.vc_custom_1686297660505{background-image: url(https:\/\/bodegasbaigorri.com\/wp-content\/uploads\/2023\/06\/E0A2646-1-scaled.jpg?id=10176) !important;background-position: center !important;background-repeat: no-repeat !important;background-size: cover !important;}&#8221;][vc_column_inner][vc_empty_space height=&#8221;350&#8243;][\/vc_column_inner][\/vc_row_inner][vc_row_inner css=&#8221;.vc_custom_1686297685809{background-image: url(https:\/\/bodegasbaigorri.com\/wp-content\/uploads\/2023\/06\/E0A2836.jpg?id=10178) !important;background-position: center !important;background-repeat: no-repeat !important;background-size: cover !important;}&#8221;][vc_column_inner][vc_empty_space height=&#8221;350&#8243;][\/vc_column_inner][\/vc_row_inner][vc_row_inner][vc_column_inner css=&#8221;.vc_custom_1686297973363{padding-top: 0px !important;padding-right: 0px !important;padding-bottom: 0px !important;padding-left: 0px !important;}&#8221;][vc_column_text]<iframe title=\"YouTube video player\" data-src=\"https:\/\/www.youtube.com\/embed\/q1mgAEsNA8A\" width=\"100%\" height=\"315\" frameborder=\"0\" allowfullscreen=\"allowfullscreen\" src=\"data:image\/svg+xml;base64,PHN2ZyB3aWR0aD0iMSIgaGVpZ2h0PSIxIiB4bWxucz0iaHR0cDovL3d3dy53My5vcmcvMjAwMC9zdmciPjwvc3ZnPg==\" class=\"lazyload\" data-load-mode=\"1\"><\/iframe>[\/vc_column_text][\/vc_column_inner][\/vc_row_inner][\/vc_column][vc_column width=&#8221;1\/2&#8243; css=&#8221;.vc_custom_1646311568968{padding-top: 0px !important;padding-right: 0px !important;padding-left: 0px !important;}&#8221;][vc_column_text css=&#8221;.vc_custom_1686915827982{margin-top: 0px !important;padding-top: 1px !important;padding-right: 25px !important;padding-bottom: 10px !important;padding-left: 25px !important;}&#8221;]<img decoding=\"async\" class=\"size-full wp-image-10215 aligncenter lazyload\" data-src=\"https:\/\/bodegasbaigorri.com\/wp-content\/uploads\/2023\/06\/logoBlanco.jpg\" alt=\"\" width=\"174\" height=\"140\" src=\"data:image\/svg+xml;base64,PHN2ZyB3aWR0aD0iMSIgaGVpZ2h0PSIxIiB4bWxucz0iaHR0cDovL3d3dy53My5vcmcvMjAwMC9zdmciPjwvc3ZnPg==\" style=\"--smush-placeholder-width: 174px; --smush-placeholder-aspect-ratio: 174\/140;\" \/><\/p>\n<p>One more year we celebrate the magic of the \u201cTears of San Lorenzo\u201d. An event in which the glass viewing platform becomes the best place to enjoy the star shower on a night enjoy the rain of stars on a night in which music and gastronomy are accompanied by the and gastronomy are accompanied by Rioja Alavesa wines. It will take place at Saturday 12 August at dusk and, as well as toasting the Perseids, you will be able to enjoy a marvellous cocktail with the Perseids, you can enjoy a wonderful cocktail and the best live music. A unique plan not to be missed.[\/vc_column_text][vc_column_text css=&#8221;.vc_custom_1686915851513{padding-right: 25px !important;padding-left: 25px !important;background-color: #cfba49 !important;}&#8221;]<\/p>\n<h4 style=\"color: #fff; font-size: 20px;\">PROGRAMME<\/h4>\n<p>[\/vc_column_text][vc_row_inner css=&#8221;.vc_custom_1646311981441{padding-right: 20px !important;padding-left: 20px !important;}&#8221;][vc_column_inner][vc_column_text el_class=&#8221;programaLagrimas&#8221;]<\/p>\n<p style=\"font-size: 18px;\">20:00 h: Doors opening<\/p>\n<p>[\/vc_column_text][vc_column_text el_class=&#8221;programaLagrimas&#8221;]<\/p>\n<p style=\"font-size: 18px;\">21:00 h: Cocktail service accompanied by Baigorri wines (must and water for children).<\/p>\n<p>[\/vc_column_text][vc_column_text el_class=&#8221;programaLagrimas&#8221;]<\/p>\n<p style=\"font-size: 18px;\">21:15 h: <a href=\"https:\/\/www.youtube.com\/watch?v=SYTApdpi9mI\" target=\"_blank\" rel=\"noopener\"><b>Demode Quartet<\/b><\/a> concert<\/p>\n<p>[\/vc_column_text][vc_column_text el_class=&#8221;programaLagrimas&#8221;]<\/p>\n<p style=\"font-size: 18px;\">23:00 h: Talk by V\u00edctor Lanchares, astronomer and president of the Agrupaci\u00f3n Astron\u00f3mica de La Rioja.<\/p>\n<p>[\/vc_column_text][vc_column_text el_class=&#8221;programaLagrimas&#8221;]<\/p>\n<p style=\"font-size: 18px;\">23:20 h: <a href=\"https:\/\/www.youtube.com\/watch?v=j9yG3PeQ5vo\" target=\"_blank\" rel=\"noopener\"><b>Twin Room Terceto<\/b><\/a>\u00a0Concert + Contemplation of the meteor shower on the terrace<\/p>\n<p>[\/vc_column_text][vc_column_text el_class=&#8221;programaLagrimas&#8221;]<\/p>\n<p style=\"font-size: 18px;\">01:00 h: End of the event<\/p>\n<p>[\/vc_column_text][\/vc_column_inner][\/vc_row_inner][vc_row_inner css=&#8221;.vc_custom_1646311981441{padding-right: 20px !important;padding-left: 20px !important;}&#8221;][vc_column_inner][vc_column_text el_class=&#8221;programaLagrimas&#8221;]<\/p>\n<p class=\"precioLagrimas\" style=\"text-align: center; border: solid #cfba49; color: #cfba49 !important; width: fit-content; margin-left: auto; margin-right: auto; padding: 5px;\">PRICE: 75\u20ac<\/p>\n<p style=\"text-align: center;\">86\u20ac with LA VIANESA bus from Logro\u00f1o and Laguardia<\/p>\n<p><strong>LIMITED CAPACITY. BOOKING IN ADVANCE IS ESSENTIAL<\/strong>[\/vc_column_text][\/vc_column_inner][\/vc_row_inner][vc_row_inner][vc_column_inner][vc_column_text css=&#8221;.vc_custom_1686298154981{margin-top: 0px !important;padding-top: 1px !important;padding-right: 25px !important;padding-bottom: 10px !important;padding-left: 25px !important;}&#8221;]<\/p>\n<p><center><a href=\"https:\/\/turismo.euskadi.eus\" target=\"_blank\" rel=\"noopener\"><img decoding=\"async\" class=\"wp-image-9523 alignnone lazyload\" data-src=\"https:\/\/bodegasbaigorri.com\/wp-content\/uploads\/2022\/11\/euskadi_basque_country_2_lineas_vertical_fondos-300x115.jpg\" alt=\"\" width=\"292\" height=\"112\" data-srcset=\"https:\/\/bodegasbaigorri.com\/wp-content\/uploads\/2022\/11\/euskadi_basque_country_2_lineas_vertical_fondos-300x115.jpg 300w, https:\/\/bodegasbaigorri.com\/wp-content\/uploads\/2022\/11\/euskadi_basque_country_2_lineas_vertical_fondos-1024x391.jpg 1024w, https:\/\/bodegasbaigorri.com\/wp-content\/uploads\/2022\/11\/euskadi_basque_country_2_lineas_vertical_fondos-768x293.jpg 768w, https:\/\/bodegasbaigorri.com\/wp-content\/uploads\/2022\/11\/euskadi_basque_country_2_lineas_vertical_fondos-410x157.jpg 410w, https:\/\/bodegasbaigorri.com\/wp-content\/uploads\/2022\/11\/euskadi_basque_country_2_lineas_vertical_fondos.jpg 1073w\" data-sizes=\"(max-width: 292px) 100vw, 292px\" src=\"data:image\/svg+xml;base64,PHN2ZyB3aWR0aD0iMSIgaGVpZ2h0PSIxIiB4bWxucz0iaHR0cDovL3d3dy53My5vcmcvMjAwMC9zdmciPjwvc3ZnPg==\" style=\"--smush-placeholder-width: 292px; --smush-placeholder-aspect-ratio: 292\/112;\" \/><\/a>\u00a0 \u00a0 \u00a0 \u00a0 <a href=\"https:\/\/www.euskadi.eus\/gobierno-vasco\/departamento-turismo-comercio-consumo\/\" target=\"_blank\" rel=\"noopener\"><img decoding=\"async\" class=\"wp-image-9521 alignnone lazyload\" data-src=\"https:\/\/bodegasbaigorri.com\/wp-content\/uploads\/2022\/11\/EUS-CAST_color-negativo_lateral-300x157.jpg\" alt=\"\" width=\"216\" height=\"113\" data-srcset=\"https:\/\/bodegasbaigorri.com\/wp-content\/uploads\/2022\/11\/EUS-CAST_color-negativo_lateral-300x157.jpg 300w, https:\/\/bodegasbaigorri.com\/wp-content\/uploads\/2022\/11\/EUS-CAST_color-negativo_lateral-1024x536.jpg 1024w, https:\/\/bodegasbaigorri.com\/wp-content\/uploads\/2022\/11\/EUS-CAST_color-negativo_lateral-768x402.jpg 768w, https:\/\/bodegasbaigorri.com\/wp-content\/uploads\/2022\/11\/EUS-CAST_color-negativo_lateral-410x215.jpg 410w, https:\/\/bodegasbaigorri.com\/wp-content\/uploads\/2022\/11\/EUS-CAST_color-negativo_lateral.jpg 1432w\" data-sizes=\"(max-width: 216px) 100vw, 216px\" src=\"data:image\/svg+xml;base64,PHN2ZyB3aWR0aD0iMSIgaGVpZ2h0PSIxIiB4bWxucz0iaHR0cDovL3d3dy53My5vcmcvMjAwMC9zdmciPjwvc3ZnPg==\" style=\"--smush-placeholder-width: 216px; --smush-placeholder-aspect-ratio: 216\/113;\" \/><\/a><\/center>[\/vc_column_text][\/vc_column_inner][\/vc_row_inner][\/vc_column][\/vc_row][vc_row css=&#8221;.vc_custom_1654593303260{padding-top: 0px !important;padding-right: 0px !important;padding-bottom: 0px !important;padding-left: 0px !important;background-color: #1d3449 !important;}&#8221;][vc_column css=&#8221;.vc_custom_1651563114012{background-position: center !important;background-repeat: no-repeat !important;background-size: cover !important;}&#8221;][vc_btn title=&#8221;BUY TICKETS&#8221; align=&#8221;center&#8221; el_class=&#8221;botonCompraEntradas&#8221; link=&#8221;url:https%3A%2F%2Fbodegasbaigorri.reservaswolfcrm.es%2Freserva%2Fvisitas||target:%20_blank|&#8221;][\/vc_column][\/vc_row]<\/p>\n","protected":false},"excerpt":{"rendered":"<p>[vc_row css=&#8221;.vc_custom_1654591077042{margin-top: -100px !important;margin-bottom: -50px !important;background-image: url(https:\/\/bodegasbaigorri.com\/wp-content\/uploads\/2022\/06\/cabecera_sin_txt-scaled.jpg?id=8960) !important;background-position: center !important;background-repeat: no-repeat !important;background-size: cover !important;}&#8221;][vc_column][vc_row_inner][vc_column_inner offset=&#8221;vc_hidden-sm vc_hidden-xs&#8221;][vc_empty_space height=&#8221;200px&#8221;][\/vc_column_inner][\/vc_row_inner][vc_row_inner][vc_column_inner width=&#8221;2\/12&#8243; css=&#8221;.vc_custom_1607958541863{margin-right: 60px<\/p>\n<p class=\"parent-more-link\"><a href=\"https:\/\/bodegasbaigorri.com\/en\/lagrimas-de-san-lorenzo-2023\/\" class=\"more-link\">Continue <span class=\"screen-reader-text\">L\u00e1grimas de San Lorenzo<\/span><\/a><\/p>\n","protected":false},"author":1,"featured_media":0,"parent":0,"menu_order":0,"comment_status":"closed","ping_status":"closed","template":"templates\/template-landing.php","meta":{"footnotes":""},"class_list":["post-10236","page","type-page","status-publish","hentry"],"yoast_head":"<!-- This site is optimized with the Yoast SEO plugin v27.4 - https:\/\/yoast.com\/product\/yoast-seo-wordpress\/ -->\n<title>L\u00e1grimas de San Lorenzo - Bodegas Baigorri<\/title>\n<meta name=\"robots\" content=\"index, follow, max-snippet:-1, max-image-preview:large, max-video-preview:-1\" \/>\n<link rel=\"canonical\" href=\"https:\/\/bodegasbaigorri.com\/en\/lagrimas-de-san-lorenzo-2023\/\" \/>\n<meta property=\"og:locale\" content=\"en_US\" \/>\n<meta property=\"og:type\" content=\"article\" \/>\n<meta property=\"og:title\" content=\"L\u00e1grimas de San Lorenzo - Bodegas Baigorri\" \/>\n<meta property=\"og:description\" content=\"[vc_row css=&#8221;.vc_custom_1654591077042{margin-top: -100px !important;margin-bottom: -50px !important;background-image: url(https:\/\/bodegasbaigorri.com\/wp-content\/uploads\/2022\/06\/cabecera_sin_txt-scaled.jpg?id=8960) !important;background-position: center !important;background-repeat: no-repeat !important;background-size: cover !important;}&#8221;][vc_column][vc_row_inner][vc_column_inner offset=&#8221;vc_hidden-sm vc_hidden-xs&#8221;][vc_empty_space height=&#8221;200px&#8221;][\/vc_column_inner][\/vc_row_inner][vc_row_inner][vc_column_inner width=&#8221;2\/12&#8243; css=&#8221;.vc_custom_1607958541863{margin-right: 60pxContinue L\u00e1grimas de San Lorenzo\" \/>\n<meta property=\"og:url\" content=\"https:\/\/bodegasbaigorri.com\/en\/lagrimas-de-san-lorenzo-2023\/\" \/>\n<meta property=\"og:site_name\" content=\"Bodegas Baigorri\" \/>\n<meta property=\"article:modified_time\" content=\"2024-05-21T11:01:43+00:00\" \/>\n<meta property=\"og:image\" content=\"https:\/\/bodegasbaigorri.com\/wp-content\/uploads\/2023\/06\/logoBlanco.jpg\" \/>\n<meta name=\"twitter:card\" content=\"summary_large_image\" \/>\n<meta name=\"twitter:label1\" content=\"Est. reading time\" \/>\n\t<meta name=\"twitter:data1\" content=\"3 minutes\" \/>\n<script type=\"application\/ld+json\" class=\"yoast-schema-graph\">{\"@context\":\"https:\\\/\\\/schema.org\",\"@graph\":[{\"@type\":\"WebPage\",\"@id\":\"https:\\\/\\\/bodegasbaigorri.com\\\/en\\\/lagrimas-de-san-lorenzo-2023\\\/\",\"url\":\"https:\\\/\\\/bodegasbaigorri.com\\\/en\\\/lagrimas-de-san-lorenzo-2023\\\/\",\"name\":\"L\u00e1grimas de San Lorenzo - Bodegas Baigorri\",\"isPartOf\":{\"@id\":\"https:\\\/\\\/bodegasbaigorri.com\\\/#website\"},\"primaryImageOfPage\":{\"@id\":\"https:\\\/\\\/bodegasbaigorri.com\\\/en\\\/lagrimas-de-san-lorenzo-2023\\\/#primaryimage\"},\"image\":{\"@id\":\"https:\\\/\\\/bodegasbaigorri.com\\\/en\\\/lagrimas-de-san-lorenzo-2023\\\/#primaryimage\"},\"thumbnailUrl\":\"https:\\\/\\\/bodegasbaigorri.com\\\/wp-content\\\/uploads\\\/2023\\\/06\\\/logoBlanco.jpg\",\"datePublished\":\"2023-06-16T11:47:18+00:00\",\"dateModified\":\"2024-05-21T11:01:43+00:00\",\"inLanguage\":\"en-US\",\"potentialAction\":[{\"@type\":\"ReadAction\",\"target\":[\"https:\\\/\\\/bodegasbaigorri.com\\\/en\\\/lagrimas-de-san-lorenzo-2023\\\/\"]}]},{\"@type\":\"ImageObject\",\"inLanguage\":\"en-US\",\"@id\":\"https:\\\/\\\/bodegasbaigorri.com\\\/en\\\/lagrimas-de-san-lorenzo-2023\\\/#primaryimage\",\"url\":\"https:\\\/\\\/bodegasbaigorri.com\\\/wp-content\\\/uploads\\\/2023\\\/06\\\/logoBlanco.jpg\",\"contentUrl\":\"https:\\\/\\\/bodegasbaigorri.com\\\/wp-content\\\/uploads\\\/2023\\\/06\\\/logoBlanco.jpg\"},{\"@type\":\"WebSite\",\"@id\":\"https:\\\/\\\/bodegasbaigorri.com\\\/#website\",\"url\":\"https:\\\/\\\/bodegasbaigorri.com\\\/\",\"name\":\"Bodegas Baigorri\",\"description\":\"\",\"publisher\":{\"@id\":\"https:\\\/\\\/bodegasbaigorri.com\\\/#organization\"},\"potentialAction\":[{\"@type\":\"SearchAction\",\"target\":{\"@type\":\"EntryPoint\",\"urlTemplate\":\"https:\\\/\\\/bodegasbaigorri.com\\\/?s={search_term_string}\"},\"query-input\":{\"@type\":\"PropertyValueSpecification\",\"valueRequired\":true,\"valueName\":\"search_term_string\"}}],\"inLanguage\":\"en-US\"},{\"@type\":\"Organization\",\"@id\":\"https:\\\/\\\/bodegasbaigorri.com\\\/#organization\",\"name\":\"Bodegas Baigorri\",\"url\":\"https:\\\/\\\/bodegasbaigorri.com\\\/\",\"logo\":{\"@type\":\"ImageObject\",\"inLanguage\":\"en-US\",\"@id\":\"https:\\\/\\\/bodegasbaigorri.com\\\/#\\\/schema\\\/logo\\\/image\\\/\",\"url\":\"https:\\\/\\\/bodegasbaigorri.com\\\/wp-content\\\/uploads\\\/2019\\\/09\\\/logo-blanco.png\",\"contentUrl\":\"https:\\\/\\\/bodegasbaigorri.com\\\/wp-content\\\/uploads\\\/2019\\\/09\\\/logo-blanco.png\",\"width\":80,\"height\":60,\"caption\":\"Bodegas Baigorri\"},\"image\":{\"@id\":\"https:\\\/\\\/bodegasbaigorri.com\\\/#\\\/schema\\\/logo\\\/image\\\/\"}}]}<\/script>\n<!-- \/ Yoast SEO plugin. -->","yoast_head_json":{"title":"L\u00e1grimas de San Lorenzo - Bodegas Baigorri","robots":{"index":"index","follow":"follow","max-snippet":"max-snippet:-1","max-image-preview":"max-image-preview:large","max-video-preview":"max-video-preview:-1"},"canonical":"https:\/\/bodegasbaigorri.com\/en\/lagrimas-de-san-lorenzo-2023\/","og_locale":"en_US","og_type":"article","og_title":"L\u00e1grimas de San Lorenzo - Bodegas Baigorri","og_description":"[vc_row css=&#8221;.vc_custom_1654591077042{margin-top: -100px !important;margin-bottom: -50px !important;background-image: url(https:\/\/bodegasbaigorri.com\/wp-content\/uploads\/2022\/06\/cabecera_sin_txt-scaled.jpg?id=8960) !important;background-position: center !important;background-repeat: no-repeat !important;background-size: cover !important;}&#8221;][vc_column][vc_row_inner][vc_column_inner offset=&#8221;vc_hidden-sm vc_hidden-xs&#8221;][vc_empty_space height=&#8221;200px&#8221;][\/vc_column_inner][\/vc_row_inner][vc_row_inner][vc_column_inner width=&#8221;2\/12&#8243; css=&#8221;.vc_custom_1607958541863{margin-right: 60pxContinue L\u00e1grimas de San Lorenzo","og_url":"https:\/\/bodegasbaigorri.com\/en\/lagrimas-de-san-lorenzo-2023\/","og_site_name":"Bodegas Baigorri","article_modified_time":"2024-05-21T11:01:43+00:00","og_image":[{"url":"https:\/\/bodegasbaigorri.com\/wp-content\/uploads\/2023\/06\/logoBlanco.jpg","type":"","width":"","height":""}],"twitter_card":"summary_large_image","twitter_misc":{"Est. reading time":"3 minutes"},"schema":{"@context":"https:\/\/schema.org","@graph":[{"@type":"WebPage","@id":"https:\/\/bodegasbaigorri.com\/en\/lagrimas-de-san-lorenzo-2023\/","url":"https:\/\/bodegasbaigorri.com\/en\/lagrimas-de-san-lorenzo-2023\/","name":"L\u00e1grimas de San Lorenzo - Bodegas Baigorri","isPartOf":{"@id":"https:\/\/bodegasbaigorri.com\/#website"},"primaryImageOfPage":{"@id":"https:\/\/bodegasbaigorri.com\/en\/lagrimas-de-san-lorenzo-2023\/#primaryimage"},"image":{"@id":"https:\/\/bodegasbaigorri.com\/en\/lagrimas-de-san-lorenzo-2023\/#primaryimage"},"thumbnailUrl":"https:\/\/bodegasbaigorri.com\/wp-content\/uploads\/2023\/06\/logoBlanco.jpg","datePublished":"2023-06-16T11:47:18+00:00","dateModified":"2024-05-21T11:01:43+00:00","inLanguage":"en-US","potentialAction":[{"@type":"ReadAction","target":["https:\/\/bodegasbaigorri.com\/en\/lagrimas-de-san-lorenzo-2023\/"]}]},{"@type":"ImageObject","inLanguage":"en-US","@id":"https:\/\/bodegasbaigorri.com\/en\/lagrimas-de-san-lorenzo-2023\/#primaryimage","url":"https:\/\/bodegasbaigorri.com\/wp-content\/uploads\/2023\/06\/logoBlanco.jpg","contentUrl":"https:\/\/bodegasbaigorri.com\/wp-content\/uploads\/2023\/06\/logoBlanco.jpg"},{"@type":"WebSite","@id":"https:\/\/bodegasbaigorri.com\/#website","url":"https:\/\/bodegasbaigorri.com\/","name":"Bodegas Baigorri","description":"","publisher":{"@id":"https:\/\/bodegasbaigorri.com\/#organization"},"potentialAction":[{"@type":"SearchAction","target":{"@type":"EntryPoint","urlTemplate":"https:\/\/bodegasbaigorri.com\/?s={search_term_string}"},"query-input":{"@type":"PropertyValueSpecification","valueRequired":true,"valueName":"search_term_string"}}],"inLanguage":"en-US"},{"@type":"Organization","@id":"https:\/\/bodegasbaigorri.com\/#organization","name":"Bodegas Baigorri","url":"https:\/\/bodegasbaigorri.com\/","logo":{"@type":"ImageObject","inLanguage":"en-US","@id":"https:\/\/bodegasbaigorri.com\/#\/schema\/logo\/image\/","url":"https:\/\/bodegasbaigorri.com\/wp-content\/uploads\/2019\/09\/logo-blanco.png","contentUrl":"https:\/\/bodegasbaigorri.com\/wp-content\/uploads\/2019\/09\/logo-blanco.png","width":80,"height":60,"caption":"Bodegas Baigorri"},"image":{"@id":"https:\/\/bodegasbaigorri.com\/#\/schema\/logo\/image\/"}}]}},"_links":{"self":[{"href":"https:\/\/bodegasbaigorri.com\/en\/wp-json\/wp\/v2\/pages\/10236","targetHints":{"allow":["GET"]}}],"collection":[{"href":"https:\/\/bodegasbaigorri.com\/en\/wp-json\/wp\/v2\/pages"}],"about":[{"href":"https:\/\/bodegasbaigorri.com\/en\/wp-json\/wp\/v2\/types\/page"}],"author":[{"embeddable":true,"href":"https:\/\/bodegasbaigorri.com\/en\/wp-json\/wp\/v2\/users\/1"}],"replies":[{"embeddable":true,"href":"https:\/\/bodegasbaigorri.com\/en\/wp-json\/wp\/v2\/comments?post=10236"}],"version-history":[{"count":0,"href":"https:\/\/bodegasbaigorri.com\/en\/wp-json\/wp\/v2\/pages\/10236\/revisions"}],"wp:attachment":[{"href":"https:\/\/bodegasbaigorri.com\/en\/wp-json\/wp\/v2\/media?parent=10236"}],"curies":[{"name":"wp","href":"https:\/\/api.w.org\/{rel}","templated":true}]}}